{"id":21516,"date":"2024-02-29T08:42:33","date_gmt":"2024-02-29T08:42:33","guid":{"rendered":"https:\/\/demo.rstheme.com\/wordpress\/industrie\/?page_id=21516"},"modified":"2025-07-01T22:19:50","modified_gmt":"2025-07-02T01:19:50","slug":"engenharia","status":"publish","type":"page","link":"https:\/\/regniergroup.com.br\/en\/servicos\/engenharia\/","title":{"rendered":"Engineering"},"content":{"rendered":"<div data-elementor-type=\"wp-page\" data-elementor-id=\"21516\" class=\"elementor elementor-21516\" data-elementor-post-type=\"page\">\n\t\t\t\t\r\n\t\t<div class=\"default no-position show_shadow rs-sticky-default elementor-element elementor-element-687959f e-flex e-con-boxed e-con e-parent\" data-id=\"687959f\" data-element_type=\"container\" data-e-type=\"container\">\n\t\t\t\t\t<div class=\"e-con-inner\">\n\t\t\r\n\t\t\t\t<div class=\"elementor-element elementor-element-4e0b283 elementor-widget elementor-widget-heading\" data-id=\"4e0b283\" data-element_type=\"widget\" data-e-type=\"widget\" data-widget_type=\"heading.default\">\n\t\t\t\t<div class=\"elementor-widget-container\">\n\t\t\t\t\t<h4 class=\"elementor-heading-title elementor-size-default\">Our Assets<\/h4>\t\t\t\t<\/div>\n\t\t\t\t<\/div>\n\t\t\t\t\t<\/div>\n\t\t\t\t<\/div>\n\t\t\r\n\t\t<div class=\"default no-position show_shadow rs-sticky-default elementor-element elementor-element-80a191c e-flex e-con-boxed e-con e-parent\" data-id=\"80a191c\" data-element_type=\"container\" data-e-type=\"container\">\n\t\t\t\t\t<div class=\"e-con-inner\">\n\t\t\r\n\t\t<div class=\"default no-position show_shadow rs-sticky-default elementor-element elementor-element-7f01074 e-con-full e-flex e-con e-child\" data-id=\"7f01074\" data-element_type=\"container\" data-e-type=\"container\">\n\t\t\r\n\t\t\t\t<div class=\"elementor-element elementor-element-805e8a4 elementor-widget elementor-widget-text-editor\" data-id=\"805e8a4\" data-element_type=\"widget\" data-e-type=\"widget\" data-widget_type=\"text-editor.default\">\n\t\t\t\t<div class=\"elementor-widget-container\">\n\t\t\t\t\t\t\t\t\t<ul><li>Experienced team of engineers;<\/li><li>Use of CAD tools and cutting-edge calculation (Finite Element Method);<\/li><li>I work closely with classification bodies (DNV, GL, ABS, etc.);<\/li><li>Dedication to the project to ensure responsive exchanges with the client&#039;s design office.<\/li><\/ul><p>In every project, our engineers are committed to designing products best suited to meet operating conditions and environmental requirements\u2014even the most challenging ones. As a truly proactive partner, we strive to find reliable and cost-effective solutions for our customers.<\/p><p>Our experience is based on years of development for a wide range of projects and monitoring our products while they operate on production lines.<\/p><p>Our designs comply with general construction standards. At the client&#039;s request, we will adapt our designs to meet or exceed the certification requirements of classification bodies (DNV, GL, ABS, etc.).<\/p><p>Our development office uses the latest CAD and Finite Element Method technologies.<\/p>\t\t\t\t\t\t\t\t<\/div>\n\t\t\t\t<\/div>\n\t\t\t\t<\/div>\n\t\t\r\n\t\t<div class=\"default no-position show_shadow rs-sticky-default elementor-element elementor-element-57b7255 e-con-full e-flex e-con e-child\" data-id=\"57b7255\" data-element_type=\"container\" data-e-type=\"container\">\n\t\t\r\n\t\t<div class=\"default no-position show_shadow rs-sticky-default elementor-element elementor-element-fdc401a e-con-full e-flex e-con e-child\" data-id=\"fdc401a\" data-element_type=\"container\" data-e-type=\"container\">\n\t\t\r\n\t\t\t\t<div class=\"elementor-element elementor-element-f1cb1e5 elementor-invisible elementor-widget elementor-widget-image\" data-id=\"f1cb1e5\" data-element_type=\"widget\" data-e-type=\"widget\" data-settings=\"{&quot;_animation&quot;:&quot;fadeInRight&quot;}\" data-widget_type=\"image.default\">\n\t\t\t\t<div class=\"elementor-widget-container\">\n\t\t\t\t\t\t\t\t\t\t\t\t<figure class=\"wp-caption\">\n\t\t\t\t\t\t\t\t\t\t<img fetchpriority=\"high\" decoding=\"async\" width=\"300\" height=\"208\" src=\"https:\/\/regniergroup.com.br\/wp-content\/uploads\/2025\/02\/eng01.png\" class=\"attachment-large size-large wp-image-29680\" alt=\"\" \/>\t\t\t\t\t\t\t\t\t\t\t<figcaption class=\"widget-image-caption wp-caption-text\">Finite Element Method<\/figcaption>\n\t\t\t\t\t\t\t\t\t\t<\/figure>\n\t\t\t\t\t\t\t\t\t<\/div>\n\t\t\t\t<\/div>\n\t\t\t\t<\/div>\n\t\t\r\n\t\t<div class=\"default no-position show_shadow rs-sticky-default elementor-element elementor-element-3c8b352 e-con-full e-flex e-con e-child\" data-id=\"3c8b352\" data-element_type=\"container\" data-e-type=\"container\">\n\t\t\r\n\t\t\t\t<div class=\"elementor-element elementor-element-50e81f5 elementor-invisible elementor-widget elementor-widget-image\" data-id=\"50e81f5\" data-element_type=\"widget\" data-e-type=\"widget\" data-settings=\"{&quot;_animation&quot;:&quot;fadeInRight&quot;}\" data-widget_type=\"image.default\">\n\t\t\t\t<div class=\"elementor-widget-container\">\n\t\t\t\t\t\t\t\t\t\t\t\t<figure class=\"wp-caption\">\n\t\t\t\t\t\t\t\t\t\t<img decoding=\"async\" width=\"300\" height=\"221\" src=\"https:\/\/regniergroup.com.br\/wp-content\/uploads\/2025\/02\/eng02.png\" class=\"attachment-large size-large wp-image-29681\" alt=\"\" \/>\t\t\t\t\t\t\t\t\t\t\t<figcaption class=\"widget-image-caption wp-caption-text\">3D Design - CAD\/CAM<\/figcaption>\n\t\t\t\t\t\t\t\t\t\t<\/figure>\n\t\t\t\t\t\t\t\t\t<\/div>\n\t\t\t\t<\/div>\n\t\t\t\t<\/div>\n\t\t\t\t<\/div>\n\t\t\t\t\t<\/div>\n\t\t\t\t<\/div>\n\t\t\r\n\t\t<div class=\"default no-position show_shadow rs-sticky-default elementor-element elementor-element-75e1ff0 e-flex e-con-boxed e-con e-parent\" data-id=\"75e1ff0\" data-element_type=\"container\" data-e-type=\"container\">\n\t\t\t\t\t<div class=\"e-con-inner\">\n\t\t\r\n\t\t\t\t<div class=\"elementor-element elementor-element-9dcca04 elementor-invisible elementor-widget elementor-widget-image\" data-id=\"9dcca04\" data-element_type=\"widget\" data-e-type=\"widget\" data-settings=\"{&quot;_animation&quot;:&quot;zoomIn&quot;}\" data-widget_type=\"image.default\">\n\t\t\t\t<div class=\"elementor-widget-container\">\n\t\t\t\t\t\t\t\t\t\t\t\t\t\t\t<img decoding=\"async\" width=\"666\" height=\"450\" src=\"https:\/\/regniergroup.com.br\/wp-content\/uploads\/2025\/02\/eng03-666x450.jpg\" class=\"attachment-industrie_portfolio-slider size-industrie_portfolio-slider wp-image-29692\" alt=\"\" \/>\t\t\t\t\t\t\t\t\t\t\t\t\t\t\t<\/div>\n\t\t\t\t<\/div>\n\t\t\t\t\t<\/div>\n\t\t\t\t<\/div>\n\t\t\t\t<\/div>","protected":false},"excerpt":{"rendered":"<p>Nossos Ativos Equipe experiente de engenheiros; Uso de ferramentas CAD e c\u00e1lculo de ponta (M\u00e9todo dos Elementos Finitos); Trabalho em estreita colabora\u00e7\u00e3o com as entidades de classi\ufb01ca\u00e7\u00e3o (DNV, GL, ABS,\u2026); Dedica\u00e7\u00e3o ao projeto para garantir trocas receptivas com o escrit\u00f3rio de design do cliente. Em todo projeto, nossos engenheiros est\u00e3o comprometidos em projetar os produtos&#8230;<\/p>","protected":false},"author":1,"featured_media":0,"parent":26,"menu_order":0,"comment_status":"closed","ping_status":"closed","template":"elementor_header_footer","meta":{"nf_dc_page":"","rs_blank_template":"","rs_page_bg_color":"","slide_template_v7":"","footnotes":""},"class_list":["post-21516","page","type-page","status-publish","hentry"],"_links":{"self":[{"href":"https:\/\/regniergroup.com.br\/en\/wp-json\/wp\/v2\/pages\/21516","targetHints":{"allow":["GET"]}}],"collection":[{"href":"https:\/\/regniergroup.com.br\/en\/wp-json\/wp\/v2\/pages"}],"about":[{"href":"https:\/\/regniergroup.com.br\/en\/wp-json\/wp\/v2\/types\/page"}],"author":[{"embeddable":true,"href":"https:\/\/regniergroup.com.br\/en\/wp-json\/wp\/v2\/users\/1"}],"replies":[{"embeddable":true,"href":"https:\/\/regniergroup.com.br\/en\/wp-json\/wp\/v2\/comments?post=21516"}],"version-history":[{"count":5,"href":"https:\/\/regniergroup.com.br\/en\/wp-json\/wp\/v2\/pages\/21516\/revisions"}],"predecessor-version":[{"id":29866,"href":"https:\/\/regniergroup.com.br\/en\/wp-json\/wp\/v2\/pages\/21516\/revisions\/29866"}],"up":[{"embeddable":true,"href":"https:\/\/regniergroup.com.br\/en\/wp-json\/wp\/v2\/pages\/26"}],"wp:attachment":[{"href":"https:\/\/regniergroup.com.br\/en\/wp-json\/wp\/v2\/media?parent=21516"}],"curies":[{"name":"wp","href":"https:\/\/api.w.org\/{rel}","templated":true}]}}