{"id":26,"date":"2024-01-03T11:06:22","date_gmt":"2024-01-03T11:06:22","guid":{"rendered":"http:\/\/192.168.0.130:10046\/?page_id=26"},"modified":"2025-07-01T22:19:45","modified_gmt":"2025-07-02T01:19:45","slug":"servicos","status":"publish","type":"page","link":"https:\/\/regniergroup.com.br\/en\/servicos\/","title":{"rendered":"Services"},"content":{"rendered":"<div data-elementor-type=\"wp-page\" data-elementor-id=\"26\" class=\"elementor elementor-26\" data-elementor-post-type=\"page\">\n\t\t\t\t\r\n\t\t<div class=\"default no-position show_shadow rs-sticky-default elementor-element elementor-element-e8256c4 e-flex e-con-boxed e-con e-parent\" data-id=\"e8256c4\" data-element_type=\"container\" data-e-type=\"container\" data-settings=\"{&quot;background_background&quot;:&quot;classic&quot;}\">\n\t\t\t\t\t<div class=\"e-con-inner\">\n\t\t\r\n\t\t\t\t<div class=\"elementor-element elementor-element-79b6714 elementor-widget elementor-widget-rs-service-slider\" data-id=\"79b6714\" data-element_type=\"widget\" data-e-type=\"widget\" data-widget_type=\"rs-service-slider.default\">\n\t\t\t\t<div class=\"elementor-widget-container\">\n\t\t\t\t\t        \r\n                <div class=\"rsaddon-unique-slider rs-unique-grid-services\">\r\n            <div class=\"rs-addon-slider rs-services-slider service-style-1 row\">\r\n        \r\n                <div class=\"grid-item col-lg-4 col-md-6\">\r\n    <div class=\"rs-service-slider\">\r\n                    <div class=\"service-img\">\r\n                <img decoding=\"async\" src=\"https:\/\/regniergroup.com.br\/wp-content\/uploads\/2025\/02\/engenharia.jpg\" title=\"engineering\" alt=\"engenharia\" loading=\"lazy\" \/>            <\/div>\r\n        \r\n        <div class=\"service-title-holder btn_box\">\r\n            <div class=\"service-content-area\">\r\n                                                <div class=\"service-title\">\r\n                    <h3 class=\"title\">\r\n                        <a href=\"https:\/\/regniergroup.com.br\/servicos\/engenharia\/\" >\r\n                             Engineering                        <\/a>\r\n                        <\/h3>\r\n                    <\/div>\r\n                            \r\n                                                <div class=\"service-desc\">\r\n                        In every project, our engineers are committed to designing the best-suited products to meet operating conditions and environmental requirements.                    <\/div>\r\n                                                        <div class=\"numbering number-line\">\r\n                    <span>01<\/span>\r\n                <\/div>\r\n                        <!-- Button Style -->\r\n                            <div class=\"read__more\">\r\n                    <a href=\"https:\/\/regniergroup.com.br\/servicos\/engenharia\/\"  class=\"btn-area\">\r\n                        <span class=\"btn-text\">Veja mais<\/span>\r\n                        <span class=\"btn-icon\">                            <svg xmlns=\"http:\/\/www.w3.org\/2000\/svg\" width=\"12\" height=\"10\" viewbox=\"0 0 12 10\" fill=\"none\"><path fill-rule=\"evenodd\" clip-rule=\"evenodd\" d=\"M0 5C0 4.60551 0.319797 4.28571 0.714286 4.28571L8.98985 4.28571L5.92349 1.21936C5.64455 0.940417 5.64455 0.488155 5.92349 0.209209C6.20244 -0.0697365 6.6547 -0.0697365 6.93365 0.209209L11.2194 4.49492C11.4983 4.77387 11.4983 5.22613 11.2194 5.50508L6.93365 9.79079C6.6547 10.0697 6.20244 10.0697 5.92349 9.79079C5.64455 9.51184 5.64455 9.05958 5.92349 8.78064L8.98985 5.71429L0.714286 5.71429C0.319797 5.71429 0 5.39449 0 5Z\" fill=\"#616161\"><\/path><\/svg>                                                <\/span>\r\n                    <\/a>\r\n                <\/div>\r\n                        <!-- Button Style End -->\r\n            <\/div>\r\n        <\/div>\r\n    <\/div>\r\n<\/div>                    <div class=\"grid-item col-lg-4 col-md-6\">\r\n    <div class=\"rs-service-slider\">\r\n                    <div class=\"service-img\">\r\n                <img decoding=\"async\" src=\"https:\/\/regniergroup.com.br\/wp-content\/uploads\/2025\/02\/fabricacao.jpg\" title=\"manufacturing\" alt=\"fabricacao\" loading=\"lazy\" \/>            <\/div>\r\n        \r\n        <div class=\"service-title-holder btn_box\">\r\n            <div class=\"service-content-area\">\r\n                                                <div class=\"service-title\">\r\n                    <h3 class=\"title\">\r\n                        <a href=\"https:\/\/regniergroup.com.br\/servicos\/fabricacao\/\" >\r\n                             Manufacturing                        <\/a>\r\n                        <\/h3>\r\n                    <\/div>\r\n                            \r\n                                                <div class=\"service-desc\">\r\n                        REGNIER INDUSTRIES workshops have all the necessary production facilities to manufacture their products.                    <\/div>\r\n                                                        <div class=\"numbering number-line\">\r\n                    <span>02<\/span>\r\n                <\/div>\r\n                        <!-- Button Style -->\r\n                            <div class=\"read__more\">\r\n                    <a href=\"https:\/\/regniergroup.com.br\/servicos\/fabricacao\/\"  class=\"btn-area\">\r\n                        <span class=\"btn-text\">Veja mais<\/span>\r\n                        <span class=\"btn-icon\">                            <svg xmlns=\"http:\/\/www.w3.org\/2000\/svg\" width=\"12\" height=\"10\" viewbox=\"0 0 12 10\" fill=\"none\"><path fill-rule=\"evenodd\" clip-rule=\"evenodd\" d=\"M0 5C0 4.60551 0.319797 4.28571 0.714286 4.28571L8.98985 4.28571L5.92349 1.21936C5.64455 0.940417 5.64455 0.488155 5.92349 0.209209C6.20244 -0.0697365 6.6547 -0.0697365 6.93365 0.209209L11.2194 4.49492C11.4983 4.77387 11.4983 5.22613 11.2194 5.50508L6.93365 9.79079C6.6547 10.0697 6.20244 10.0697 5.92349 9.79079C5.64455 9.51184 5.64455 9.05958 5.92349 8.78064L8.98985 5.71429L0.714286 5.71429C0.319797 5.71429 0 5.39449 0 5Z\" fill=\"#616161\"><\/path><\/svg>                                                <\/span>\r\n                    <\/a>\r\n                <\/div>\r\n                        <!-- Button Style End -->\r\n            <\/div>\r\n        <\/div>\r\n    <\/div>\r\n<\/div>                    <div class=\"grid-item col-lg-4 col-md-6\">\r\n    <div class=\"rs-service-slider\">\r\n                    <div class=\"service-img\">\r\n                <img decoding=\"async\" src=\"https:\/\/regniergroup.com.br\/wp-content\/uploads\/2025\/02\/gestao.jpeg\" title=\"Project management theme with person using laptop\" alt=\"Project management theme with person using a laptop computer\" loading=\"lazy\" \/>            <\/div>\r\n        \r\n        <div class=\"service-title-holder btn_box\">\r\n            <div class=\"service-content-area\">\r\n                                                <div class=\"service-title\">\r\n                    <h3 class=\"title\">\r\n                        <a href=\"https:\/\/regniergroup.com.br\/servicos\/gestao-de-projetos\/\" >\r\n                             Project Management                        <\/a>\r\n                        <\/h3>\r\n                    <\/div>\r\n                            \r\n                                                <div class=\"service-desc\">\r\n                        We can handle both large projects and single-unit production thanks to the flexibility of our production process and project management structure.                    <\/div>\r\n                                                        <div class=\"numbering number-line\">\r\n                    <span>03<\/span>\r\n                <\/div>\r\n                        <!-- Button Style -->\r\n                            <div class=\"read__more\">\r\n                    <a href=\"https:\/\/regniergroup.com.br\/servicos\/gestao-de-projetos\/\"  class=\"btn-area\">\r\n                        <span class=\"btn-text\">Veja mais<\/span>\r\n                        <span class=\"btn-icon\">                            <svg xmlns=\"http:\/\/www.w3.org\/2000\/svg\" width=\"12\" height=\"10\" viewbox=\"0 0 12 10\" fill=\"none\"><path fill-rule=\"evenodd\" clip-rule=\"evenodd\" d=\"M0 5C0 4.60551 0.319797 4.28571 0.714286 4.28571L8.98985 4.28571L5.92349 1.21936C5.64455 0.940417 5.64455 0.488155 5.92349 0.209209C6.20244 -0.0697365 6.6547 -0.0697365 6.93365 0.209209L11.2194 4.49492C11.4983 4.77387 11.4983 5.22613 11.2194 5.50508L6.93365 9.79079C6.6547 10.0697 6.20244 10.0697 5.92349 9.79079C5.64455 9.51184 5.64455 9.05958 5.92349 8.78064L8.98985 5.71429L0.714286 5.71429C0.319797 5.71429 0 5.39449 0 5Z\" fill=\"#616161\"><\/path><\/svg>                                                <\/span>\r\n                    <\/a>\r\n                <\/div>\r\n                        <!-- Button Style End -->\r\n            <\/div>\r\n        <\/div>\r\n    <\/div>\r\n<\/div>                    <div class=\"grid-item col-lg-4 col-md-6\">\r\n    <div class=\"rs-service-slider\">\r\n                    <div class=\"service-img\">\r\n                <img decoding=\"async\" src=\"https:\/\/regniergroup.com.br\/wp-content\/uploads\/2025\/02\/manutencao.jpg\" title=\"maintenance\" alt=\"manutencao\" loading=\"lazy\" \/>            <\/div>\r\n        \r\n        <div class=\"service-title-holder btn_box\">\r\n            <div class=\"service-content-area\">\r\n                                                <div class=\"service-title\">\r\n                    <h3 class=\"title\">\r\n                        <a href=\"https:\/\/regniergroup.com.br\/servicos\/manutencao\/\" >\r\n                             Maintenance                        <\/a>\r\n                        <\/h3>\r\n                    <\/div>\r\n                            \r\n                                                <div class=\"service-desc\">\r\n                        REGNIER INDUSTRIES also uses its production facilities to maintain cylinders of all types and brands. We perform a complete cylinder overhaul and suggest improvements to increase its reliability.                    <\/div>\r\n                                                        <div class=\"numbering number-line\">\r\n                    <span>04<\/span>\r\n                <\/div>\r\n                        <!-- Button Style -->\r\n                            <div class=\"read__more\">\r\n                    <a href=\"https:\/\/regniergroup.com.br\/servicos\/manutencao\/\"  class=\"btn-area\">\r\n                        <span class=\"btn-text\">Veja mais<\/span>\r\n                        <span class=\"btn-icon\">                            <svg xmlns=\"http:\/\/www.w3.org\/2000\/svg\" width=\"12\" height=\"10\" viewbox=\"0 0 12 10\" fill=\"none\"><path fill-rule=\"evenodd\" clip-rule=\"evenodd\" d=\"M0 5C0 4.60551 0.319797 4.28571 0.714286 4.28571L8.98985 4.28571L5.92349 1.21936C5.64455 0.940417 5.64455 0.488155 5.92349 0.209209C6.20244 -0.0697365 6.6547 -0.0697365 6.93365 0.209209L11.2194 4.49492C11.4983 4.77387 11.4983 5.22613 11.2194 5.50508L6.93365 9.79079C6.6547 10.0697 6.20244 10.0697 5.92349 9.79079C5.64455 9.51184 5.64455 9.05958 5.92349 8.78064L8.98985 5.71429L0.714286 5.71429C0.319797 5.71429 0 5.39449 0 5Z\" fill=\"#616161\"><\/path><\/svg>                                                <\/span>\r\n                    <\/a>\r\n                <\/div>\r\n                        <!-- Button Style End -->\r\n            <\/div>\r\n        <\/div>\r\n    <\/div>\r\n<\/div>                    <div class=\"grid-item col-lg-4 col-md-6\">\r\n    <div class=\"rs-service-slider\">\r\n                    <div class=\"service-img\">\r\n                <img decoding=\"async\" src=\"https:\/\/regniergroup.com.br\/wp-content\/uploads\/2025\/02\/manut-exp.jpg\" title=\"manut-exp\" alt=\"manut-exp\" loading=\"lazy\" \/>            <\/div>\r\n        \r\n        <div class=\"service-title-holder btn_box\">\r\n            <div class=\"service-content-area\">\r\n                                                <div class=\"service-title\">\r\n                    <h3 class=\"title\">\r\n                        <a href=\"https:\/\/regniergroup.com.br\/servicos\/manutencao-expressa\/\" >\r\n                             Express Maintenance                        <\/a>\r\n                        <\/h3>\r\n                    <\/div>\r\n                            \r\n                                                <div class=\"service-desc\">\r\n                        REGNIER INDUSTRIES&#039; Express Department repairs small to medium-sized cylinders in short turnaround times, with fast delivery in less than 5 days.                    <\/div>\r\n                                                        <div class=\"numbering number-line\">\r\n                    <span>05<\/span>\r\n                <\/div>\r\n                        <!-- Button Style -->\r\n                            <div class=\"read__more\">\r\n                    <a href=\"https:\/\/regniergroup.com.br\/servicos\/manutencao-expressa\/\"  class=\"btn-area\">\r\n                        <span class=\"btn-text\">Veja mais<\/span>\r\n                        <span class=\"btn-icon\">                            <svg xmlns=\"http:\/\/www.w3.org\/2000\/svg\" width=\"12\" height=\"10\" viewbox=\"0 0 12 10\" fill=\"none\"><path fill-rule=\"evenodd\" clip-rule=\"evenodd\" d=\"M0 5C0 4.60551 0.319797 4.28571 0.714286 4.28571L8.98985 4.28571L5.92349 1.21936C5.64455 0.940417 5.64455 0.488155 5.92349 0.209209C6.20244 -0.0697365 6.6547 -0.0697365 6.93365 0.209209L11.2194 4.49492C11.4983 4.77387 11.4983 5.22613 11.2194 5.50508L6.93365 9.79079C6.6547 10.0697 6.20244 10.0697 5.92349 9.79079C5.64455 9.51184 5.64455 9.05958 5.92349 8.78064L8.98985 5.71429L0.714286 5.71429C0.319797 5.71429 0 5.39449 0 5Z\" fill=\"#616161\"><\/path><\/svg>                                                <\/span>\r\n                    <\/a>\r\n                <\/div>\r\n                        <!-- Button Style End -->\r\n            <\/div>\r\n        <\/div>\r\n    <\/div>\r\n<\/div>                    <div class=\"grid-item col-lg-4 col-md-6\">\r\n    <div class=\"rs-service-slider\">\r\n                    <div class=\"service-img\">\r\n                <img decoding=\"async\" src=\"https:\/\/regniergroup.com.br\/wp-content\/uploads\/2025\/02\/usinagem.jpg\" title=\"machining\" alt=\"usinagem\" loading=\"lazy\" \/>            <\/div>\r\n        \r\n        <div class=\"service-title-holder btn_box\">\r\n            <div class=\"service-content-area\">\r\n                                                <div class=\"service-title\">\r\n                    <h3 class=\"title\">\r\n                        <a href=\"https:\/\/regniergroup.com.br\/servicos\/usinagem\/\" >\r\n                             Machining                        <\/a>\r\n                        <\/h3>\r\n                    <\/div>\r\n                            \r\n                                                <div class=\"service-desc\">\r\n                        <b>SPECIAL MACHINING:<\/b>\nWe offer our extensive production capabilities and manufacturing expertise for special machining jobs, such as press columns, timing shafts, propeller shafts, flanges, telescopic tubes, honing, chrome plating, etc.                    <\/div>\r\n                                                        <div class=\"numbering number-line\">\r\n                    <span>06<\/span>\r\n                <\/div>\r\n                        <!-- Button Style -->\r\n                            <div class=\"read__more\">\r\n                    <a href=\"https:\/\/regniergroup.com.br\/servicos\/usinagem\/\"  class=\"btn-area\">\r\n                        <span class=\"btn-text\">Veja mais<\/span>\r\n                        <span class=\"btn-icon\">                            <svg xmlns=\"http:\/\/www.w3.org\/2000\/svg\" width=\"12\" height=\"10\" viewbox=\"0 0 12 10\" fill=\"none\"><path fill-rule=\"evenodd\" clip-rule=\"evenodd\" d=\"M0 5C0 4.60551 0.319797 4.28571 0.714286 4.28571L8.98985 4.28571L5.92349 1.21936C5.64455 0.940417 5.64455 0.488155 5.92349 0.209209C6.20244 -0.0697365 6.6547 -0.0697365 6.93365 0.209209L11.2194 4.49492C11.4983 4.77387 11.4983 5.22613 11.2194 5.50508L6.93365 9.79079C6.6547 10.0697 6.20244 10.0697 5.92349 9.79079C5.64455 9.51184 5.64455 9.05958 5.92349 8.78064L8.98985 5.71429L0.714286 5.71429C0.319797 5.71429 0 5.39449 0 5Z\" fill=\"#616161\"><\/path><\/svg>                                                <\/span>\r\n                    <\/a>\r\n                <\/div>\r\n                        <!-- Button Style End -->\r\n            <\/div>\r\n        <\/div>\r\n    <\/div>\r\n<\/div>                            <\/div>\r\n                    <\/div>\r\n        \t\t\t\t<\/div>\n\t\t\t\t<\/div>\n\t\t\t\t\t<\/div>\n\t\t\t\t<\/div>\n\t\t\t\t<\/div>","protected":false},"excerpt":{"rendered":"<p>Engenharia Em todo projeto, nossos engenheiros est\u00e3o comprometidos em projetar os produtos melhor adaptados para atender \u00e0s condi\u00e7\u00f5es operacionais e requisitos ambientais 01 Veja mais Fabrica\u00e7\u00e3o As oficinas da REGNIER INDUSTRIES t\u00eam todas as instala\u00e7\u00f5es de produ\u00e7\u00e3o necess\u00e1rias para fabricar seus produtos. 02 Veja mais Gest\u00e3o de Projetos Podemos lidar com grandes projetos e com&#8230;<\/p>","protected":false},"author":1,"featured_media":0,"parent":0,"menu_order":0,"comment_status":"closed","ping_status":"closed","template":"elementor_header_footer","meta":{"nf_dc_page":"","rs_blank_template":"","rs_page_bg_color":"","slide_template_v7":"","footnotes":""},"class_list":["post-26","page","type-page","status-publish","hentry"],"_links":{"self":[{"href":"https:\/\/regniergroup.com.br\/en\/wp-json\/wp\/v2\/pages\/26","targetHints":{"allow":["GET"]}}],"collection":[{"href":"https:\/\/regniergroup.com.br\/en\/wp-json\/wp\/v2\/pages"}],"about":[{"href":"https:\/\/regniergroup.com.br\/en\/wp-json\/wp\/v2\/types\/page"}],"author":[{"embeddable":true,"href":"https:\/\/regniergroup.com.br\/en\/wp-json\/wp\/v2\/users\/1"}],"replies":[{"embeddable":true,"href":"https:\/\/regniergroup.com.br\/en\/wp-json\/wp\/v2\/comments?post=26"}],"version-history":[{"count":5,"href":"https:\/\/regniergroup.com.br\/en\/wp-json\/wp\/v2\/pages\/26\/revisions"}],"predecessor-version":[{"id":29896,"href":"https:\/\/regniergroup.com.br\/en\/wp-json\/wp\/v2\/pages\/26\/revisions\/29896"}],"wp:attachment":[{"href":"https:\/\/regniergroup.com.br\/en\/wp-json\/wp\/v2\/media?parent=26"}],"curies":[{"name":"wp","href":"https:\/\/api.w.org\/{rel}","templated":true}]}}