{"id":29735,"date":"2025-02-11T15:05:41","date_gmt":"2025-02-11T15:05:41","guid":{"rendered":"https:\/\/regniergroup.com.br\/?page_id=29735"},"modified":"2025-07-01T22:20:02","modified_gmt":"2025-07-02T01:20:02","slug":"gestao-de-projetos","status":"publish","type":"page","link":"https:\/\/regniergroup.com.br\/en\/servicos\/gestao-de-projetos\/","title":{"rendered":"Project Management"},"content":{"rendered":"<div data-elementor-type=\"wp-page\" data-elementor-id=\"29735\" class=\"elementor elementor-29735\" data-elementor-post-type=\"page\">\n\t\t\t\t\r\n\t\t<div class=\"default no-position show_shadow rs-sticky-default elementor-element elementor-element-687959f e-flex e-con-boxed e-con e-parent\" data-id=\"687959f\" data-element_type=\"container\" data-e-type=\"container\">\n\t\t\t\t\t<div class=\"e-con-inner\">\n\t\t\r\n\t\t\t\t<div class=\"elementor-element elementor-element-4e0b283 elementor-widget elementor-widget-heading\" data-id=\"4e0b283\" data-element_type=\"widget\" data-e-type=\"widget\" data-widget_type=\"heading.default\">\n\t\t\t\t<div class=\"elementor-widget-container\">\n\t\t\t\t\t<h4 class=\"elementor-heading-title elementor-size-default\">Project Management Office - PMP<\/h4>\t\t\t\t<\/div>\n\t\t\t\t<\/div>\n\t\t\t\t\t<\/div>\n\t\t\t\t<\/div>\n\t\t\r\n\t\t<div class=\"default no-position show_shadow rs-sticky-default elementor-element elementor-element-80a191c e-flex e-con-boxed e-con e-parent\" data-id=\"80a191c\" data-element_type=\"container\" data-e-type=\"container\">\n\t\t\t\t\t<div class=\"e-con-inner\">\n\t\t\r\n\t\t<div class=\"default no-position show_shadow rs-sticky-default elementor-element elementor-element-7f01074 e-con-full e-flex e-con e-child\" data-id=\"7f01074\" data-element_type=\"container\" data-e-type=\"container\">\n\t\t\r\n\t\t\t\t<div class=\"elementor-element elementor-element-805e8a4 elementor-widget elementor-widget-text-editor\" data-id=\"805e8a4\" data-element_type=\"widget\" data-e-type=\"widget\" data-widget_type=\"text-editor.default\">\n\t\t\t\t<div class=\"elementor-widget-container\">\n\t\t\t\t\t\t\t\t\t<p>We can handle both large projects and single-unit production thanks to the flexibility of our production process and project management structure.<\/p><p>Pre-project and in-project consulting. Beyond a simple quote based on specifications, REGNIER INDUSTRIES, as a proactive partner, offers the technical and financial solution best suited to the client&#039;s needs.<\/p><p>A dedicated project team, consisting of a project manager, engineers and technicians.<br \/>Management of certifications with certifying entities such as DNV, Germanischer Lloyd, ABS, Bureau Veritas\u2026<\/p><p>Understanding our clients&#039; need for accurate and fast updates on project progress, REGNIER INDUSTRIES, in partnership with Square Medias, developed a tool to meet these requirements:<\/p><ul><li>Web system available on every workstation (Computer, Tablet, Smartphone\u2026), through the link on our website;<\/li><li>Standard cylinder 3D configurator;<\/li><li>Access to planning, showing progress rate in real time;<\/li><li>Drawing comment and approval prior to manufacturing;<\/li><li>Message board for projects and tasks.<\/li><\/ul><p>Our goal is to continuously improve the quality and responsiveness of information.<\/p>\t\t\t\t\t\t\t\t<\/div>\n\t\t\t\t<\/div>\n\t\t\t\t<\/div>\n\t\t\r\n\t\t<div class=\"default no-position show_shadow rs-sticky-default elementor-element elementor-element-57b7255 e-con-full e-flex e-con e-child\" data-id=\"57b7255\" data-element_type=\"container\" data-e-type=\"container\">\n\t\t\r\n\t\t<div class=\"default no-position show_shadow rs-sticky-default elementor-element elementor-element-fdc401a e-con-full e-flex e-con e-child\" data-id=\"fdc401a\" data-element_type=\"container\" data-e-type=\"container\">\n\t\t\r\n\t\t\t\t<div class=\"elementor-element elementor-element-3e9dcb4 elementor-invisible elementor-widget elementor-widget-image\" data-id=\"3e9dcb4\" data-element_type=\"widget\" data-e-type=\"widget\" data-settings=\"{&quot;_animation&quot;:&quot;fadeInRight&quot;}\" data-widget_type=\"image.default\">\n\t\t\t\t<div class=\"elementor-widget-container\">\n\t\t\t\t\t\t\t\t\t\t\t\t\t\t\t<img decoding=\"async\" width=\"300\" height=\"120\" src=\"https:\/\/regniergroup.com.br\/wp-content\/uploads\/2025\/02\/abs.png\" class=\"attachment-large size-large wp-image-29741\" alt=\"\" \/>\t\t\t\t\t\t\t\t\t\t\t\t\t\t\t<\/div>\n\t\t\t\t<\/div>\n\t\t\t\t<\/div>\n\t\t\r\n\t\t<div class=\"default no-position show_shadow rs-sticky-default elementor-element elementor-element-3c8b352 e-con-full e-flex e-con e-child\" data-id=\"3c8b352\" data-element_type=\"container\" data-e-type=\"container\">\n\t\t\r\n\t\t\t\t<div class=\"elementor-element elementor-element-f59c286 elementor-invisible elementor-widget elementor-widget-image\" data-id=\"f59c286\" data-element_type=\"widget\" data-e-type=\"widget\" data-settings=\"{&quot;_animation&quot;:&quot;fadeInRight&quot;}\" data-widget_type=\"image.default\">\n\t\t\t\t<div class=\"elementor-widget-container\">\n\t\t\t\t\t\t\t\t\t\t\t\t\t\t\t<img decoding=\"async\" width=\"118\" height=\"150\" src=\"https:\/\/regniergroup.com.br\/wp-content\/uploads\/2025\/02\/dnv.png\" class=\"attachment-large size-large wp-image-29742\" alt=\"\" \/>\t\t\t\t\t\t\t\t\t\t\t\t\t\t\t<\/div>\n\t\t\t\t<\/div>\n\t\t\t\t<\/div>\n\t\t\r\n\t\t<div class=\"default no-position show_shadow rs-sticky-default elementor-element elementor-element-79f85d2 e-con-full e-flex e-con e-child\" data-id=\"79f85d2\" data-element_type=\"container\" data-e-type=\"container\">\n\t\t\r\n\t\t\t\t<div class=\"elementor-element elementor-element-44f1741 elementor-invisible elementor-widget elementor-widget-image\" data-id=\"44f1741\" data-element_type=\"widget\" data-e-type=\"widget\" data-settings=\"{&quot;_animation&quot;:&quot;fadeInRight&quot;}\" data-widget_type=\"image.default\">\n\t\t\t\t<div class=\"elementor-widget-container\">\n\t\t\t\t\t\t\t\t\t\t\t\t\t\t\t<img decoding=\"async\" width=\"150\" height=\"150\" src=\"https:\/\/regniergroup.com.br\/wp-content\/uploads\/2025\/02\/glc.png\" class=\"attachment-large size-large wp-image-29743\" alt=\"\" \/>\t\t\t\t\t\t\t\t\t\t\t\t\t\t\t<\/div>\n\t\t\t\t<\/div>\n\t\t\t\t<\/div>\n\t\t\r\n\t\t<div class=\"default no-position show_shadow rs-sticky-default elementor-element elementor-element-6f3cc9c e-con-full e-flex e-con e-child\" data-id=\"6f3cc9c\" data-element_type=\"container\" data-e-type=\"container\">\n\t\t\r\n\t\t\t\t<div class=\"elementor-element elementor-element-5317a48 elementor-invisible elementor-widget elementor-widget-image\" data-id=\"5317a48\" data-element_type=\"widget\" data-e-type=\"widget\" data-settings=\"{&quot;_animation&quot;:&quot;fadeInRight&quot;}\" data-widget_type=\"image.default\">\n\t\t\t\t<div class=\"elementor-widget-container\">\n\t\t\t\t\t\t\t\t\t\t\t\t\t\t\t<img loading=\"lazy\" decoding=\"async\" width=\"136\" height=\"168\" src=\"https:\/\/regniergroup.com.br\/wp-content\/uploads\/2025\/02\/veritas.png\" class=\"attachment-large size-large wp-image-29744\" alt=\"\" \/>\t\t\t\t\t\t\t\t\t\t\t\t\t\t\t<\/div>\n\t\t\t\t<\/div>\n\t\t\t\t<\/div>\n\t\t\t\t<\/div>\n\t\t\t\t\t<\/div>\n\t\t\t\t<\/div>\n\t\t\t\t<\/div>","protected":false},"excerpt":{"rendered":"<p>Escrit\u00f3rio de Gest\u00e3o de Projetos &#8211; PMP Podemos lidar com grandes projetos e com a produ\u00e7\u00e3o unit\u00e1ria gra\u00e7as \u00e0 flexibilidade de nosso processo de produ\u00e7\u00e3o e \u00e0 estrutura de gest\u00e3o de projetos. Consultoria em pr\u00e9-projeto e durante o projeto. Al\u00e9m de uma simples cota\u00e7\u00e3o de acordo com especifica\u00e7\u00f5es, a REGNIER INDUSTRIES, como parceira proativa, oferece&#8230;<\/p>","protected":false},"author":1,"featured_media":0,"parent":26,"menu_order":0,"comment_status":"closed","ping_status":"closed","template":"elementor_header_footer","meta":{"nf_dc_page":"","rs_blank_template":"","rs_page_bg_color":"","slide_template_v7":"","footnotes":""},"class_list":["post-29735","page","type-page","status-publish","hentry"],"_links":{"self":[{"href":"https:\/\/regniergroup.com.br\/en\/wp-json\/wp\/v2\/pages\/29735","targetHints":{"allow":["GET"]}}],"collection":[{"href":"https:\/\/regniergroup.com.br\/en\/wp-json\/wp\/v2\/pages"}],"about":[{"href":"https:\/\/regniergroup.com.br\/en\/wp-json\/wp\/v2\/types\/page"}],"author":[{"embeddable":true,"href":"https:\/\/regniergroup.com.br\/en\/wp-json\/wp\/v2\/users\/1"}],"replies":[{"embeddable":true,"href":"https:\/\/regniergroup.com.br\/en\/wp-json\/wp\/v2\/comments?post=29735"}],"version-history":[{"count":5,"href":"https:\/\/regniergroup.com.br\/en\/wp-json\/wp\/v2\/pages\/29735\/revisions"}],"predecessor-version":[{"id":29872,"href":"https:\/\/regniergroup.com.br\/en\/wp-json\/wp\/v2\/pages\/29735\/revisions\/29872"}],"up":[{"embeddable":true,"href":"https:\/\/regniergroup.com.br\/en\/wp-json\/wp\/v2\/pages\/26"}],"wp:attachment":[{"href":"https:\/\/regniergroup.com.br\/en\/wp-json\/wp\/v2\/media?parent=29735"}],"curies":[{"name":"wp","href":"https:\/\/api.w.org\/{rel}","templated":true}]}}