{"id":29840,"date":"2025-02-11T18:49:07","date_gmt":"2025-02-11T18:49:07","guid":{"rendered":"https:\/\/regniergroup.com.br\/?page_id=29840"},"modified":"2025-07-01T22:20:14","modified_gmt":"2025-07-02T01:20:14","slug":"manutencao-expressa","status":"publish","type":"page","link":"https:\/\/regniergroup.com.br\/en\/servicos\/manutencao-expressa\/","title":{"rendered":"Express Maintenance"},"content":{"rendered":"<div data-elementor-type=\"wp-page\" data-elementor-id=\"29840\" class=\"elementor elementor-29840\" data-elementor-post-type=\"page\">\n\t\t\t\t\r\n\t\t<div class=\"default no-position show_shadow rs-sticky-default elementor-element elementor-element-687959f e-flex e-con-boxed e-con e-parent\" data-id=\"687959f\" data-element_type=\"container\" data-e-type=\"container\">\n\t\t\t\t\t<div class=\"e-con-inner\">\n\t\t\r\n\t\t\t\t<div class=\"elementor-element elementor-element-4e0b283 elementor-widget elementor-widget-heading\" data-id=\"4e0b283\" data-element_type=\"widget\" data-e-type=\"widget\" data-widget_type=\"heading.default\">\n\t\t\t\t<div class=\"elementor-widget-container\">\n\t\t\t\t\t<h4 class=\"elementor-heading-title elementor-size-default\">Maintenance Analysis and Quotation<\/h4>\t\t\t\t<\/div>\n\t\t\t\t<\/div>\n\t\t\t\t\t<\/div>\n\t\t\t\t<\/div>\n\t\t\r\n\t\t<div class=\"default no-position show_shadow rs-sticky-default elementor-element elementor-element-80a191c e-flex e-con-boxed e-con e-parent\" data-id=\"80a191c\" data-element_type=\"container\" data-e-type=\"container\">\n\t\t\t\t\t<div class=\"e-con-inner\">\n\t\t\r\n\t\t<div class=\"default no-position show_shadow rs-sticky-default elementor-element elementor-element-7f01074 e-con-full e-flex e-con e-child\" data-id=\"7f01074\" data-element_type=\"container\" data-e-type=\"container\">\n\t\t\r\n\t\t\t\t<div class=\"elementor-element elementor-element-97a48f1 elementor-widget elementor-widget-heading\" data-id=\"97a48f1\" data-element_type=\"widget\" data-e-type=\"widget\" data-widget_type=\"heading.default\">\n\t\t\t\t<div class=\"elementor-widget-container\">\n\t\t\t\t\t<h4 class=\"elementor-heading-title elementor-size-default\">Receive your maintenance analysis and quote within 48 hours<\/h4>\t\t\t\t<\/div>\n\t\t\t\t<\/div>\n\t\t\r\n\t\t\t\t<div class=\"elementor-element elementor-element-805e8a4 elementor-widget elementor-widget-text-editor\" data-id=\"805e8a4\" data-element_type=\"widget\" data-e-type=\"widget\" data-widget_type=\"text-editor.default\">\n\t\t\t\t<div class=\"elementor-widget-container\">\n\t\t\t\t\t\t\t\t\t<p><strong>Capacities: \u00f8 from 40 to 300 mm \u2013 Stroke up to 3,000 mm<\/strong><\/p><p><strong>3,000 seal kits and spare parts in stock<\/strong><\/p><p>The Express Department of <span style=\"color: #339966;\"><strong>REGNIER INDUSTRIES<\/strong><\/span> repairs small to medium-sized cylinders in short turnaround times, with fast delivery in less than 5 days.<\/p><p>Ideal for customers who experience unexpected failures and do not have spare cylinders.<\/p><p>The Express Department is an independent workshop in our factories, with a dedicated team equipped with all the machining and control means necessary for cylinder maintenance.<\/p>\t\t\t\t\t\t\t\t<\/div>\n\t\t\t\t<\/div>\n\t\t\t\t<\/div>\n\t\t\r\n\t\t<div class=\"default no-position show_shadow rs-sticky-default elementor-element elementor-element-57b7255 e-con-full e-flex e-con e-child\" data-id=\"57b7255\" data-element_type=\"container\" data-e-type=\"container\">\n\t\t\r\n\t\t\t\t<div class=\"elementor-element elementor-element-f2a1648 elementor-widget elementor-widget-gallery\" data-id=\"f2a1648\" data-element_type=\"widget\" data-e-type=\"widget\" data-settings=\"{&quot;columns&quot;:2,&quot;aspect_ratio&quot;:&quot;1:1&quot;,&quot;lazyload&quot;:&quot;yes&quot;,&quot;gallery_layout&quot;:&quot;grid&quot;,&quot;columns_tablet&quot;:2,&quot;columns_mobile&quot;:1,&quot;gap&quot;:{&quot;unit&quot;:&quot;px&quot;,&quot;size&quot;:10,&quot;sizes&quot;:[]},&quot;gap_laptop&quot;:{&quot;unit&quot;:&quot;px&quot;,&quot;size&quot;:10,&quot;sizes&quot;:[]},&quot;gap_tablet&quot;:{&quot;unit&quot;:&quot;px&quot;,&quot;size&quot;:10,&quot;sizes&quot;:[]},&quot;gap_mobile&quot;:{&quot;unit&quot;:&quot;px&quot;,&quot;size&quot;:10,&quot;sizes&quot;:[]},&quot;link_to&quot;:&quot;file&quot;,&quot;overlay_background&quot;:&quot;yes&quot;,&quot;content_hover_animation&quot;:&quot;fade-in&quot;}\" data-widget_type=\"gallery.default\">\n\t\t\t\t<div class=\"elementor-widget-container\">\n\t\t\t\t\t\t\t<div class=\"elementor-gallery__container\">\n\t\t\t\t\t\t\t<a class=\"e-gallery-item elementor-gallery-item elementor-animated-content\" href=\"https:\/\/regniergroup.com.br\/wp-content\/uploads\/2025\/02\/f01-3.jpg\" data-elementor-open-lightbox=\"yes\" data-elementor-lightbox-slideshow=\"f2a1648\" data-elementor-lightbox-title=\"f01\" data-e-action-hash=\"#elementor-action%3Aaction%3Dlightbox%26settings%3DeyJpZCI6Mjk4NDIsInVybCI6Imh0dHBzOlwvXC9yZWduaWVyZ3JvdXAuY29tLmJyXC93cC1jb250ZW50XC91cGxvYWRzXC8yMDI1XC8wMlwvZjAxLTMuanBnIiwic2xpZGVzaG93IjoiZjJhMTY0OCJ9\">\n\t\t\t\t\t<div class=\"e-gallery-image elementor-gallery-item__image\" data-thumbnail=\"https:\/\/regniergroup.com.br\/wp-content\/uploads\/2025\/02\/f01-3-200x300.jpg\" data-width=\"200\" data-height=\"300\" aria-label=\"\" role=\"img\" ><\/div>\n\t\t\t\t\t\t\t\t\t\t\t<div class=\"elementor-gallery-item__overlay\"><\/div>\n\t\t\t\t\t\t\t\t\t\t\t\t\t\t<\/a>\n\t\t\t\t\t\t\t<a class=\"e-gallery-item elementor-gallery-item elementor-animated-content\" href=\"https:\/\/regniergroup.com.br\/wp-content\/uploads\/2025\/02\/f03-1.jpg\" data-elementor-open-lightbox=\"yes\" data-elementor-lightbox-slideshow=\"f2a1648\" data-elementor-lightbox-title=\"f03\" data-e-action-hash=\"#elementor-action%3Aaction%3Dlightbox%26settings%3DeyJpZCI6Mjk4NDUsInVybCI6Imh0dHBzOlwvXC9yZWduaWVyZ3JvdXAuY29tLmJyXC93cC1jb250ZW50XC91cGxvYWRzXC8yMDI1XC8wMlwvZjAzLTEuanBnIiwic2xpZGVzaG93IjoiZjJhMTY0OCJ9\">\n\t\t\t\t\t<div class=\"e-gallery-image elementor-gallery-item__image\" data-thumbnail=\"https:\/\/regniergroup.com.br\/wp-content\/uploads\/2025\/02\/f03-1.jpg\" data-width=\"300\" data-height=\"222\" aria-label=\"\" role=\"img\" ><\/div>\n\t\t\t\t\t\t\t\t\t\t\t<div class=\"elementor-gallery-item__overlay\"><\/div>\n\t\t\t\t\t\t\t\t\t\t\t\t\t\t<\/a>\n\t\t\t\t\t\t\t<a class=\"e-gallery-item elementor-gallery-item elementor-animated-content\" href=\"https:\/\/regniergroup.com.br\/wp-content\/uploads\/2025\/02\/f02-3.jpg\" data-elementor-open-lightbox=\"yes\" data-elementor-lightbox-slideshow=\"f2a1648\" data-elementor-lightbox-title=\"f02\" data-e-action-hash=\"#elementor-action%3Aaction%3Dlightbox%26settings%3DeyJpZCI6Mjk4NDQsInVybCI6Imh0dHBzOlwvXC9yZWduaWVyZ3JvdXAuY29tLmJyXC93cC1jb250ZW50XC91cGxvYWRzXC8yMDI1XC8wMlwvZjAyLTMuanBnIiwic2xpZGVzaG93IjoiZjJhMTY0OCJ9\">\n\t\t\t\t\t<div class=\"e-gallery-image elementor-gallery-item__image\" data-thumbnail=\"https:\/\/regniergroup.com.br\/wp-content\/uploads\/2025\/02\/f02-3-300x234.jpg\" data-width=\"300\" data-height=\"234\" aria-label=\"\" role=\"img\" ><\/div>\n\t\t\t\t\t\t\t\t\t\t\t<div class=\"elementor-gallery-item__overlay\"><\/div>\n\t\t\t\t\t\t\t\t\t\t\t\t\t\t<\/a>\n\t\t\t\t\t\t\t<a class=\"e-gallery-item elementor-gallery-item elementor-animated-content\" href=\"https:\/\/regniergroup.com.br\/wp-content\/uploads\/2025\/02\/f04-2.jpg\" data-elementor-open-lightbox=\"yes\" data-elementor-lightbox-slideshow=\"f2a1648\" data-elementor-lightbox-title=\"f04\" data-e-action-hash=\"#elementor-action%3Aaction%3Dlightbox%26settings%3DeyJpZCI6Mjk4NDMsInVybCI6Imh0dHBzOlwvXC9yZWduaWVyZ3JvdXAuY29tLmJyXC93cC1jb250ZW50XC91cGxvYWRzXC8yMDI1XC8wMlwvZjA0LTIuanBnIiwic2xpZGVzaG93IjoiZjJhMTY0OCJ9\">\n\t\t\t\t\t<div class=\"e-gallery-image elementor-gallery-item__image\" data-thumbnail=\"https:\/\/regniergroup.com.br\/wp-content\/uploads\/2025\/02\/f04-2-300x213.jpg\" data-width=\"300\" data-height=\"213\" aria-label=\"\" role=\"img\" ><\/div>\n\t\t\t\t\t\t\t\t\t\t\t<div class=\"elementor-gallery-item__overlay\"><\/div>\n\t\t\t\t\t\t\t\t\t\t\t\t\t\t<\/a>\n\t\t\t\t\t<\/div>\n\t\t\t\t\t<\/div>\n\t\t\t\t<\/div>\n\t\t\t\t<\/div>\n\t\t\t\t\t<\/div>\n\t\t\t\t<\/div>\n\t\t\t\t<\/div>","protected":false},"excerpt":{"rendered":"<p>An\u00e1lise de Manuten\u00e7\u00e3o e Cota\u00e7\u00e3o Receba sua an\u00e1lise de manuten\u00e7\u00e3o e cota\u00e7\u00e3o dentro de 48h Capacidades: \u00f8 de 40 a 300 mm \u2013 Curso de at\u00e9 3.000 mm 3.000 kits de veda\u00e7\u00e3o e pe\u00e7as de reposi\u00e7\u00e3o em estoque O Departamento Expresso da REGNIER INDUSTRIES repara cilindros de pequeno a m\u00e9dio porte em prazos curtos, com&#8230;<\/p>","protected":false},"author":1,"featured_media":0,"parent":26,"menu_order":0,"comment_status":"closed","ping_status":"closed","template":"elementor_header_footer","meta":{"nf_dc_page":"","rs_blank_template":"","rs_page_bg_color":"","slide_template_v7":"","footnotes":""},"class_list":["post-29840","page","type-page","status-publish","hentry"],"_links":{"self":[{"href":"https:\/\/regniergroup.com.br\/en\/wp-json\/wp\/v2\/pages\/29840","targetHints":{"allow":["GET"]}}],"collection":[{"href":"https:\/\/regniergroup.com.br\/en\/wp-json\/wp\/v2\/pages"}],"about":[{"href":"https:\/\/regniergroup.com.br\/en\/wp-json\/wp\/v2\/types\/page"}],"author":[{"embeddable":true,"href":"https:\/\/regniergroup.com.br\/en\/wp-json\/wp\/v2\/users\/1"}],"replies":[{"embeddable":true,"href":"https:\/\/regniergroup.com.br\/en\/wp-json\/wp\/v2\/comments?post=29840"}],"version-history":[{"count":5,"href":"https:\/\/regniergroup.com.br\/en\/wp-json\/wp\/v2\/pages\/29840\/revisions"}],"predecessor-version":[{"id":29878,"href":"https:\/\/regniergroup.com.br\/en\/wp-json\/wp\/v2\/pages\/29840\/revisions\/29878"}],"up":[{"embeddable":true,"href":"https:\/\/regniergroup.com.br\/en\/wp-json\/wp\/v2\/pages\/26"}],"wp:attachment":[{"href":"https:\/\/regniergroup.com.br\/en\/wp-json\/wp\/v2\/media?parent=29840"}],"curies":[{"name":"wp","href":"https:\/\/api.w.org\/{rel}","templated":true}]}}