{"id":30103,"date":"2025-02-13T13:32:13","date_gmt":"2025-02-13T13:32:13","guid":{"rendered":"https:\/\/regniergroup.com.br\/?page_id=30103"},"modified":"2025-08-29T10:40:52","modified_gmt":"2025-08-29T13:40:52","slug":"tecnologias","status":"publish","type":"page","link":"https:\/\/regniergroup.com.br\/en\/tecnologias\/","title":{"rendered":"Technologies"},"content":{"rendered":"<div data-elementor-type=\"wp-page\" data-elementor-id=\"30103\" class=\"elementor elementor-30103\" data-elementor-post-type=\"page\">\n\t\t\t\t\r\n\t\t<div class=\"default no-position show_shadow rs-sticky-default elementor-element elementor-element-fa9a1dc e-flex e-con-boxed e-con e-parent\" data-id=\"fa9a1dc\" data-element_type=\"container\" data-e-type=\"container\" data-settings=\"{&quot;background_background&quot;:&quot;classic&quot;}\">\n\t\t\t\t\t<div class=\"e-con-inner\">\n\t\t\r\n\t\t\t\t<div class=\"elementor-element elementor-element-321847b elementor-icon-list--layout-inline elementor-align-center elementor-list-item-link-full_width elementor-widget elementor-widget-icon-list\" data-id=\"321847b\" data-element_type=\"widget\" data-e-type=\"widget\" data-widget_type=\"icon-list.default\">\n\t\t\t\t<div class=\"elementor-widget-container\">\n\t\t\t\t\t\t\t<ul class=\"elementor-icon-list-items elementor-inline-items\">\n\t\t\t\t\t\t\t<li class=\"elementor-icon-list-item elementor-inline-item\">\n\t\t\t\t\t\t\t\t\t\t\t<a href=\"#tRevest\">\n\n\t\t\t\t\t\t\t\t\t\t\t\t<span class=\"elementor-icon-list-icon\">\n\t\t\t\t\t\t\t<svg xmlns=\"http:\/\/www.w3.org\/2000\/svg\" id=\"Camada_2\" data-name=\"Camada 2\" viewbox=\"0 0 146.66 189\"><g id=\"icone-regnier\"><path d=\"M107.93,45.23c-.35-5.94-2.69-28.87-3.11-33.78C94.7,1.9,81.89,0,73.33,0c-2.34,0-4.9.12-7.55.55,0,12.24-.35,24.36-.66,36.48,2.69-.24,5.33-.36,8.25-.36,10.59.24,19.27.44,34.6,8.52l-.04.04ZM46.75,7.53c-1.79,1.11-3.35,2.46-5.02,3.92-.43,4.95-2.69,27.84-3.11,33.9,1.91-1.11,3.78-2.02,5.45-2.81.78-10.46,2.1-27.61,2.69-35.01h0ZM135.33,73.63c-4.67-7.29-10.59-13.7-17.59-18.85l-34.48,113.15,52.08-94.3h0ZM130.97,157.16l-48.85,27.05c19.7-2.38,37.05-12.48,48.85-27.05ZM138.64,145.59c3.23-6.42,5.68-13.23,7.01-20.56l-63.99,53.55,56.98-32.99ZM146.66,107.41c-.54-7.29-2.1-14.38-4.67-20.87l-59.55,87.69,64.22-66.82ZM28.8,54.78c-6.89,5.15-12.92,11.57-17.59,18.85l52.08,94.3L28.8,54.78h0ZM64.53,184.21l-48.96-27.05c11.79,14.61,29.15,24.71,48.96,27.05ZM8.02,145.59l56.98,32.99L.89,125.04c1.32,7.29,3.78,14.14,7.12,20.56h0ZM4.55,86.54c-2.45,6.5-4.13,13.58-4.55,20.87l64.1,66.82L4.55,86.54ZM73.33,43.88c1.56,0,3.11.12,4.55.24,8.33.67,15.26,2.93,18.92,6.06,1.79,1.58,2.88,3.37,2.88,5.15,0,6.42-11.79,11.45-26.39,11.57-14.67-.12-26.39-5.15-26.39-11.57s11.68-11.45,26.39-11.45h.04ZM73.33,69.71h30.4c1.01-4.48,3.54-15.84,4.24-20.99-2.88-2.14-6.77-3.92-11.01-5.15-6.34-2.02-13.35-3.13-18.92-3.6-1.67-.12-3.35-.24-4.67-.24-8.56,0-25.81,2.46-34.72,8.99.66,5.15,3.23,16.52,4.24,20.99h30.48-.04ZM73.33,101.47c-5.68-.12-10.12-4.83-10.12-10.54,0-1.7.35-3.25,1.01-4.59h18.14c.66,1.35,1.01,2.93,1.01,4.59,0,5.74-4.44,10.46-10,10.54h-.04ZM93.68,89.79c-.66-.79-.9-1.23-.9-2.02,0-.67.66-1.47,1.56-1.47h5.8c.89-4.4,2.34-9.55,2.69-12.12h-59.08c.35,2.57,1.79,7.76,2.69,12.12h5.92c.89,0,1.44.79,1.44,1.47,0,.79-.23,1.23-.9,2.02-.66.79-3.23,3.25-3.23,8.52s17.71,82.5,18.57,86.66c.78,3.92,3.66,3.92,5.14,4.04,1.44-.12,4.24-.12,5.02-4.04.89-4.16,18.57-81.27,18.57-86.66s-2.57-7.76-3.23-8.52h-.04Z\"><\/path><\/g><\/svg>\t\t\t\t\t\t<\/span>\n\t\t\t\t\t\t\t\t\t\t<span class=\"elementor-icon-list-text\">Coating Technology<\/span>\n\t\t\t\t\t\t\t\t\t\t\t<\/a>\n\t\t\t\t\t\t\t\t\t<\/li>\n\t\t\t\t\t\t\t\t<li class=\"elementor-icon-list-item elementor-inline-item\">\n\t\t\t\t\t\t\t\t\t\t\t<a href=\"#tSensores\">\n\n\t\t\t\t\t\t\t\t\t\t\t\t<span class=\"elementor-icon-list-icon\">\n\t\t\t\t\t\t\t<svg xmlns=\"http:\/\/www.w3.org\/2000\/svg\" id=\"Camada_2\" data-name=\"Camada 2\" viewbox=\"0 0 146.66 189\"><g id=\"icone-regnier\"><path d=\"M107.93,45.23c-.35-5.94-2.69-28.87-3.11-33.78C94.7,1.9,81.89,0,73.33,0c-2.34,0-4.9.12-7.55.55,0,12.24-.35,24.36-.66,36.48,2.69-.24,5.33-.36,8.25-.36,10.59.24,19.27.44,34.6,8.52l-.04.04ZM46.75,7.53c-1.79,1.11-3.35,2.46-5.02,3.92-.43,4.95-2.69,27.84-3.11,33.9,1.91-1.11,3.78-2.02,5.45-2.81.78-10.46,2.1-27.61,2.69-35.01h0ZM135.33,73.63c-4.67-7.29-10.59-13.7-17.59-18.85l-34.48,113.15,52.08-94.3h0ZM130.97,157.16l-48.85,27.05c19.7-2.38,37.05-12.48,48.85-27.05ZM138.64,145.59c3.23-6.42,5.68-13.23,7.01-20.56l-63.99,53.55,56.98-32.99ZM146.66,107.41c-.54-7.29-2.1-14.38-4.67-20.87l-59.55,87.69,64.22-66.82ZM28.8,54.78c-6.89,5.15-12.92,11.57-17.59,18.85l52.08,94.3L28.8,54.78h0ZM64.53,184.21l-48.96-27.05c11.79,14.61,29.15,24.71,48.96,27.05ZM8.02,145.59l56.98,32.99L.89,125.04c1.32,7.29,3.78,14.14,7.12,20.56h0ZM4.55,86.54c-2.45,6.5-4.13,13.58-4.55,20.87l64.1,66.82L4.55,86.54ZM73.33,43.88c1.56,0,3.11.12,4.55.24,8.33.67,15.26,2.93,18.92,6.06,1.79,1.58,2.88,3.37,2.88,5.15,0,6.42-11.79,11.45-26.39,11.57-14.67-.12-26.39-5.15-26.39-11.57s11.68-11.45,26.39-11.45h.04ZM73.33,69.71h30.4c1.01-4.48,3.54-15.84,4.24-20.99-2.88-2.14-6.77-3.92-11.01-5.15-6.34-2.02-13.35-3.13-18.92-3.6-1.67-.12-3.35-.24-4.67-.24-8.56,0-25.81,2.46-34.72,8.99.66,5.15,3.23,16.52,4.24,20.99h30.48-.04ZM73.33,101.47c-5.68-.12-10.12-4.83-10.12-10.54,0-1.7.35-3.25,1.01-4.59h18.14c.66,1.35,1.01,2.93,1.01,4.59,0,5.74-4.44,10.46-10,10.54h-.04ZM93.68,89.79c-.66-.79-.9-1.23-.9-2.02,0-.67.66-1.47,1.56-1.47h5.8c.89-4.4,2.34-9.55,2.69-12.12h-59.08c.35,2.57,1.79,7.76,2.69,12.12h5.92c.89,0,1.44.79,1.44,1.47,0,.79-.23,1.23-.9,2.02-.66.79-3.23,3.25-3.23,8.52s17.71,82.5,18.57,86.66c.78,3.92,3.66,3.92,5.14,4.04,1.44-.12,4.24-.12,5.02-4.04.89-4.16,18.57-81.27,18.57-86.66s-2.57-7.76-3.23-8.52h-.04Z\"><\/path><\/g><\/svg>\t\t\t\t\t\t<\/span>\n\t\t\t\t\t\t\t\t\t\t<span class=\"elementor-icon-list-text\">Sensor Technology<\/span>\n\t\t\t\t\t\t\t\t\t\t\t<\/a>\n\t\t\t\t\t\t\t\t\t<\/li>\n\t\t\t\t\t\t<\/ul>\n\t\t\t\t\t\t<\/div>\n\t\t\t\t<\/div>\n\t\t\t\t\t<\/div>\n\t\t\t\t<\/div>\n\t\t\r\n\t\t<div class=\"default no-position show_shadow rs-sticky-default elementor-element elementor-element-0e03842 e-flex e-con-boxed e-con e-parent\" data-id=\"0e03842\" data-element_type=\"container\" data-e-type=\"container\" id=\"tRevest\">\n\t\t\t\t\t<div class=\"e-con-inner\">\n\t\t\r\n\t\t\t\t<div class=\"elementor-element elementor-element-dace6bb elementor-widget elementor-widget-heading\" data-id=\"dace6bb\" data-element_type=\"widget\" data-e-type=\"widget\" data-widget_type=\"heading.default\">\n\t\t\t\t<div class=\"elementor-widget-container\">\n\t\t\t\t\t<h4 class=\"elementor-heading-title elementor-size-default\">Coating Technology<\/h4>\t\t\t\t<\/div>\n\t\t\t\t<\/div>\n\t\t\r\n\t\t<div class=\"default no-position show_shadow rs-sticky-default elementor-element elementor-element-5ff4ad5 e-con-full e-flex e-con e-child\" data-id=\"5ff4ad5\" data-element_type=\"container\" data-e-type=\"container\">\n\t\t\r\n\t\t\t\t<div class=\"elementor-element elementor-element-5e64cc2 elementor-widget elementor-widget-text-editor\" data-id=\"5e64cc2\" data-element_type=\"widget\" data-e-type=\"widget\" data-widget_type=\"text-editor.default\">\n\t\t\t\t<div class=\"elementor-widget-container\">\n\t\t\t\t\t\t\t\t\t<p>Following our experiences and technical progress, we have expanded our range of coatings to offer our customers the best adapted solution according to the location and application of the cylinder. We offer a wide range of coatings, including:<\/p><ul class=\"wp-block-list\"><li>Chrome plating (Hard Chrome \u2013 Cr);<\/li><li>Nickel-chromium (Ni-Cr) plating;<\/li><li>Ceramic: Excellent resistance to corrosion, chemicals and wear;<\/li><li>Thermally sprayed metal.<\/li><\/ul><p>The best coating, it withstands the harshest environments, offering excellent resistance to corrosion, wear, and shock. This coating has a life expectancy of over 20 years.<\/p>\t\t\t\t\t\t\t\t<\/div>\n\t\t\t\t<\/div>\n\t\t\r\n\t\t\t\t<div class=\"elementor-element elementor-element-258f6df elementor-invisible elementor-widget elementor-widget-image\" data-id=\"258f6df\" data-element_type=\"widget\" data-e-type=\"widget\" data-settings=\"{&quot;_animation&quot;:&quot;zoomIn&quot;}\" data-widget_type=\"image.default\">\n\t\t\t\t<div class=\"elementor-widget-container\">\n\t\t\t\t\t\t\t\t\t\t\t\t\t\t\t<img fetchpriority=\"high\" decoding=\"async\" width=\"1024\" height=\"330\" src=\"https:\/\/regniergroup.com.br\/wp-content\/uploads\/2025\/02\/tabela-pt.png\" class=\"attachment-full size-full wp-image-30105\" alt=\"\" srcset=\"https:\/\/regniergroup.com.br\/wp-content\/uploads\/2025\/02\/tabela-pt.png 1024w, https:\/\/regniergroup.com.br\/wp-content\/uploads\/2025\/02\/tabela-pt-300x97.png 300w, https:\/\/regniergroup.com.br\/wp-content\/uploads\/2025\/02\/tabela-pt-768x248.png 768w\" sizes=\"(max-width: 1024px) 100vw, 1024px\" \/>\t\t\t\t\t\t\t\t\t\t\t\t\t\t\t<\/div>\n\t\t\t\t<\/div>\n\t\t\r\n\t\t\t\t<div class=\"elementor-element elementor-element-cf40bc2 elementor-invisible elementor-widget elementor-widget-image\" data-id=\"cf40bc2\" data-element_type=\"widget\" data-e-type=\"widget\" data-settings=\"{&quot;_animation&quot;:&quot;zoomIn&quot;}\" data-widget_type=\"image.default\">\n\t\t\t\t<div class=\"elementor-widget-container\">\n\t\t\t\t\t\t\t\t\t\t\t\t\t\t\t<img decoding=\"async\" width=\"1024\" height=\"330\" src=\"https:\/\/regniergroup.com.br\/wp-content\/uploads\/2025\/03\/tabela-en.png\" class=\"attachment-full size-full wp-image-30857\" alt=\"\" srcset=\"https:\/\/regniergroup.com.br\/wp-content\/uploads\/2025\/03\/tabela-en.png 1024w, https:\/\/regniergroup.com.br\/wp-content\/uploads\/2025\/03\/tabela-en-300x97.png 300w, https:\/\/regniergroup.com.br\/wp-content\/uploads\/2025\/03\/tabela-en-768x248.png 768w\" sizes=\"(max-width: 1024px) 100vw, 1024px\" \/>\t\t\t\t\t\t\t\t\t\t\t\t\t\t\t<\/div>\n\t\t\t\t<\/div>\n\t\t\t\t<\/div>\n\t\t\t\t\t<\/div>\n\t\t\t\t<\/div>\n\t\t\r\n\t\t<div class=\"default no-position show_shadow rs-sticky-default elementor-element elementor-element-eed9bb2 e-flex e-con-boxed e-con e-parent\" data-id=\"eed9bb2\" data-element_type=\"container\" data-e-type=\"container\" id=\"tSensores\">\n\t\t\t\t\t<div class=\"e-con-inner\">\n\t\t\r\n\t\t\t\t<div class=\"elementor-element elementor-element-55cf701 elementor-widget elementor-widget-heading\" data-id=\"55cf701\" data-element_type=\"widget\" data-e-type=\"widget\" data-widget_type=\"heading.default\">\n\t\t\t\t<div class=\"elementor-widget-container\">\n\t\t\t\t\t<h4 class=\"elementor-heading-title elementor-size-default\">Sensor Technology\n<\/h4>\t\t\t\t<\/div>\n\t\t\t\t<\/div>\n\t\t\r\n\t\t<div class=\"default no-position show_shadow rs-sticky-default elementor-element elementor-element-5470ffd e-con-full e-flex e-con e-child\" data-id=\"5470ffd\" data-element_type=\"container\" data-e-type=\"container\">\n\t\t\r\n\t\t\t\t<div class=\"elementor-element elementor-element-5a25b6b elementor-widget elementor-widget-heading\" data-id=\"5a25b6b\" data-element_type=\"widget\" data-e-type=\"widget\" data-widget_type=\"heading.default\">\n\t\t\t\t<div class=\"elementor-widget-container\">\n\t\t\t\t\t<h5 class=\"elementor-heading-title elementor-size-default\">STROKE MEASUREMENT:<\/h5>\t\t\t\t<\/div>\n\t\t\t\t<\/div>\n\t\t\r\n\t\t\t\t<div class=\"elementor-element elementor-element-4aa3f11 elementor-widget elementor-widget-text-editor\" data-id=\"4aa3f11\" data-element_type=\"widget\" data-e-type=\"widget\" data-widget_type=\"text-editor.default\">\n\t\t\t\t<div class=\"elementor-widget-container\">\n\t\t\t\t\t\t\t\t\t<p>The development of automation and safety in industry and infrastructure has led to the development of controls such as stroke measurement to monitor cylinder function. With this in mind, <span style=\"color: #339966;\"><strong>REGNIER INDUSTRIES<\/strong><\/span> has been integrating sensors into its cylinders for 30 years. To expand stroke measurement possibilities, <strong><span style=\"color: #339966;\">REGNIER INDUSTRIES<\/span><\/strong> developed its own sensor: the Senso&#039;R.<\/p><p>The Senso&#039;R is capable of measuring strokes up to 20 m and is also the only option for measuring stroke on telescopic cylinders. Furthermore, it has the advantage of combining both linear and positional measurements.<\/p>\t\t\t\t\t\t\t\t<\/div>\n\t\t\t\t<\/div>\n\t\t\t\t<\/div>\n\t\t\r\n\t\t<div class=\"default no-position show_shadow rs-sticky-default elementor-element elementor-element-b42b092 e-con-full e-flex e-con e-child\" data-id=\"b42b092\" data-element_type=\"container\" data-e-type=\"container\">\n\t\t\r\n\t\t\t\t<div class=\"elementor-element elementor-element-908e482 elementor-widget elementor-widget-rs-service-slider\" data-id=\"908e482\" data-element_type=\"widget\" data-e-type=\"widget\" data-widget_type=\"rs-service-slider.default\">\n\t\t\t\t<div class=\"elementor-widget-container\">\n\t\t\t\t\t        \r\n                <div class=\"rsaddon-unique-slider rs-unique-grid-services\">\r\n            <div class=\"rs-addon-slider rs-services-slider service-style-1 row\">\r\n        \r\n                <div class=\"grid-item col-lg-6 col-md-6\">\r\n    <div class=\"rs-service-slider\">\r\n                    <div class=\"service-img\">\r\n                <img decoding=\"async\" src=\"https:\/\/regniergroup.com.br\/wp-content\/uploads\/2025\/02\/f02-5.jpg\" title=\"f02\" alt=\"f02\" loading=\"lazy\" \/>            <\/div>\r\n        \r\n        <div class=\"service-title-holder btn_box\">\r\n            <div class=\"service-content-area\">\r\n                                                <div class=\"service-title\">\r\n                    <h3 class=\"title\">\r\n                        <a href=\"https:\/\/regniergroup.com.br\/wp-content\/uploads\/2025\/02\/f02-5.jpg\" target=\"_blank\">\r\n                             Magnetostrictive linear position transducer                        <\/a>\r\n                        <\/h3>\r\n                    <\/div>\r\n                            \r\n                                                <div class=\"service-desc\">\r\n                        <ul><li>Stroke: up to 7 m;<\/li>\n<li>Accuracy: +\/- 50 \u00b5m (+\/- 1 \u00b5m with SSI output).<\/li><\/ul>                    <\/div>\r\n                                                    <!-- Button Style -->\r\n                        <!-- Button Style End -->\r\n            <\/div>\r\n        <\/div>\r\n    <\/div>\r\n<\/div>                    <div class=\"grid-item col-lg-6 col-md-6\">\r\n    <div class=\"rs-service-slider\">\r\n                    <div class=\"service-img\">\r\n                <img decoding=\"async\" src=\"https:\/\/regniergroup.com.br\/wp-content\/uploads\/2025\/02\/f03-2.jpg\" title=\"f03\" alt=\"f03\" loading=\"lazy\" \/>            <\/div>\r\n        \r\n        <div class=\"service-title-holder btn_box\">\r\n            <div class=\"service-content-area\">\r\n                                                <div class=\"service-title\">\r\n                    <h3 class=\"title\">\r\n                        <a href=\"https:\/\/regniergroup.com.br\/wp-content\/uploads\/2025\/02\/f03-2.jpg\" target=\"_blank\">\r\n                             Three Gorges Dam (China)                        <\/a>\r\n                        <\/h3>\r\n                    <\/div>\r\n                            \r\n                                                <div class=\"service-desc\">\r\n                        <strong>Gate cylinders equipped with the SENSO&#039;R linear stroke measurement system from REGNIER INDUSTRIES<\/strong>\n<ul>\n<li>Stroke: up to 20 m;<\/li>\n<li>Accuracy: +\/- 0.5mm;<\/li>\n<li>Maximum operating speed: 1 m\/s;<\/li>\n<li>Acceleration of up to 1 m\/s2;<\/li>\n<li>External pressure: submersible up to 2,500 m.<\/li>\n<\/ul>                    <\/div>\r\n                                                    <!-- Button Style -->\r\n                        <!-- Button Style End -->\r\n            <\/div>\r\n        <\/div>\r\n    <\/div>\r\n<\/div>                            <\/div>\r\n                    <\/div>\r\n        \t\t\t\t<\/div>\n\t\t\t\t<\/div>\n\t\t\t\t<\/div>\n\t\t\t\t\t<\/div>\n\t\t\t\t<\/div>\n\t\t\t\t<\/div>","protected":false},"excerpt":{"rendered":"<p>Tecnologia de Revestimento Tecnologia de Sensores Tecnologia de Revestimento Seguindo nossas experi\u00eancias e progresso t\u00e9cnico, ampliamos nossa s\u00e9rie de revestimentos para oferecer aos nossos clientes a melhor solu\u00e7\u00e3o adaptada de acordo com a localiza\u00e7\u00e3o e aplica\u00e7\u00e3o do cilindro.Oferecemos uma ampla s\u00e9rie de revestimentos, incluindo: Cromagem (Cromo Duro \u2013 Cr); Chapeamento de n\u00edquel-cromo (Ni-Cr); Cer\u00e2mica: Excelente&#8230;<\/p>","protected":false},"author":1,"featured_media":0,"parent":0,"menu_order":0,"comment_status":"closed","ping_status":"closed","template":"elementor_header_footer","meta":{"nf_dc_page":"","rs_blank_template":"","rs_page_bg_color":"","slide_template_v7":"","footnotes":""},"class_list":["post-30103","page","type-page","status-publish","hentry"],"_links":{"self":[{"href":"https:\/\/regniergroup.com.br\/en\/wp-json\/wp\/v2\/pages\/30103","targetHints":{"allow":["GET"]}}],"collection":[{"href":"https:\/\/regniergroup.com.br\/en\/wp-json\/wp\/v2\/pages"}],"about":[{"href":"https:\/\/regniergroup.com.br\/en\/wp-json\/wp\/v2\/types\/page"}],"author":[{"embeddable":true,"href":"https:\/\/regniergroup.com.br\/en\/wp-json\/wp\/v2\/users\/1"}],"replies":[{"embeddable":true,"href":"https:\/\/regniergroup.com.br\/en\/wp-json\/wp\/v2\/comments?post=30103"}],"version-history":[{"count":5,"href":"https:\/\/regniergroup.com.br\/en\/wp-json\/wp\/v2\/pages\/30103\/revisions"}],"predecessor-version":[{"id":31070,"href":"https:\/\/regniergroup.com.br\/en\/wp-json\/wp\/v2\/pages\/30103\/revisions\/31070"}],"wp:attachment":[{"href":"https:\/\/regniergroup.com.br\/en\/wp-json\/wp\/v2\/media?parent=30103"}],"curies":[{"name":"wp","href":"https:\/\/api.w.org\/{rel}","templated":true}]}}