{"id":30149,"date":"2025-02-17T18:21:17","date_gmt":"2025-02-17T18:21:17","guid":{"rendered":"https:\/\/regniergroup.com.br\/?page_id=30149"},"modified":"2025-07-01T22:18:57","modified_gmt":"2025-07-02T01:18:57","slug":"offshore","status":"publish","type":"page","link":"https:\/\/regniergroup.com.br\/en\/referencias\/offshore\/","title":{"rendered":"Offshore"},"content":{"rendered":"<div data-elementor-type=\"wp-page\" data-elementor-id=\"30149\" class=\"elementor elementor-30149\" data-elementor-post-type=\"page\">\n\t\t\t\t\r\n\t\t<div class=\"default no-position show_shadow rs-sticky-default elementor-element elementor-element-80a191c e-flex e-con-boxed e-con e-parent\" data-id=\"80a191c\" data-element_type=\"container\" data-e-type=\"container\">\n\t\t\t\t\t<div class=\"e-con-inner\">\n\t\t\r\n\t\t<div class=\"default no-position show_shadow rs-sticky-default elementor-element elementor-element-7f01074 e-con-full e-flex e-con e-child\" data-id=\"7f01074\" data-element_type=\"container\" data-e-type=\"container\">\n\t\t\r\n\t\t\t\t<div class=\"elementor-element elementor-element-805e8a4 elementor-widget elementor-widget-text-editor\" data-id=\"805e8a4\" data-element_type=\"widget\" data-e-type=\"widget\" data-widget_type=\"text-editor.default\">\n\t\t\t\t<div class=\"elementor-widget-container\">\n\t\t\t\t\t\t\t\t\t<p>THE <span style=\"color: #339966;\"><strong>REGNIER INDUSTRIES<\/strong><\/span> is an experienced supplier to the maritime and offshore industry. Our products meet the highly demanding quality, reliability, and corrosion resistance requirements of this harsh environment.<\/p><p>We supply cylinders and systems for many offshore applications, such as:<\/p><ul><li>Gas pipeline systems (tensioners, clamps\u2026);<\/li><li>Deck handling equipment (cranes, lifts, A-frame lifting bracket, PLET handling device);<\/li><li>Sliding cylinders;<\/li><li>Lifting cylinders;<\/li><li>Dredging equipment;<\/li><li>Ship control (rudder actuators, roll stabilizer actuators, sail tensioner);<\/li><li>Winches;<\/li><li>Subsea systems (subsea periscope, trench drilling plough, submersibles);<br \/>Windmill pitch actuator.<\/li><\/ul>\t\t\t\t\t\t\t\t<\/div>\n\t\t\t\t<\/div>\n\t\t\r\n\t\t\t\t<div class=\"elementor-element elementor-element-f0585c9 elementor-widget elementor-widget-rs-service-slider\" data-id=\"f0585c9\" data-element_type=\"widget\" data-e-type=\"widget\" data-widget_type=\"rs-service-slider.default\">\n\t\t\t\t<div class=\"elementor-widget-container\">\n\t\t\t\t\t        \r\n                <div class=\"rsaddon-unique-slider rs-unique-grid-services\">\r\n            <div class=\"rs-addon-slider rs-services-slider service-style-1 row\">\r\n        \r\n                <div class=\"grid-item col-lg-4 col-md-6\">\r\n    <div class=\"rs-service-slider\">\r\n                    <div class=\"service-img\">\r\n                <img decoding=\"async\" src=\"https:\/\/regniergroup.com.br\/wp-content\/uploads\/2025\/02\/f13.jpg\" title=\"f13\" alt=\"f13\" loading=\"lazy\" \/>            <\/div>\r\n        \r\n        <div class=\"service-title-holder btn_box\">\r\n            <div class=\"service-content-area\">\r\n            \r\n                                                <div class=\"service-desc\">\r\n                        250 mm x 200 mm cylinders with 7,500 mm stroke for telescopic boom on offshore cranes (Platforms in Africa)                    <\/div>\r\n                                                    <!-- Button Style -->\r\n                        <!-- Button Style End -->\r\n            <\/div>\r\n        <\/div>\r\n    <\/div>\r\n<\/div>                    <div class=\"grid-item col-lg-4 col-md-6\">\r\n    <div class=\"rs-service-slider\">\r\n                    <div class=\"service-img\">\r\n                <img decoding=\"async\" src=\"https:\/\/regniergroup.com.br\/wp-content\/uploads\/2025\/02\/f11.jpg\" title=\"f11\" alt=\"f11\" loading=\"lazy\" \/>            <\/div>\r\n        \r\n        <div class=\"service-title-holder btn_box\">\r\n            <div class=\"service-content-area\">\r\n            \r\n                                                <div class=\"service-desc\">\r\n                        98 hydraulic cylinders, with a diameter of 280 mm x 180 mm, stroke of 1,050 mm with ceramic coating, equipped with manifolds, hydraulic controls and accumulators.                    <\/div>\r\n                                                    <!-- Button Style -->\r\n                        <!-- Button Style End -->\r\n            <\/div>\r\n        <\/div>\r\n    <\/div>\r\n<\/div>                    <div class=\"grid-item col-lg-4 col-md-6\">\r\n    <div class=\"rs-service-slider\">\r\n                    <div class=\"service-img\">\r\n                <img decoding=\"async\" src=\"https:\/\/regniergroup.com.br\/wp-content\/uploads\/2025\/02\/f08.jpg\" title=\"f08\" alt=\"f08\" loading=\"lazy\" \/>            <\/div>\r\n        \r\n        <div class=\"service-title-holder btn_box\">\r\n            <div class=\"service-content-area\">\r\n            \r\n                                                <div class=\"service-desc\">\r\n                        Two sliding cylinders with a diameter of 520 mm x 250 mm, stroke of 1,250 mm with ceramic coating, equipped with linear stroke measurement.                    <\/div>\r\n                                                    <!-- Button Style -->\r\n                        <!-- Button Style End -->\r\n            <\/div>\r\n        <\/div>\r\n    <\/div>\r\n<\/div>                    <div class=\"grid-item col-lg-4 col-md-6\">\r\n    <div class=\"rs-service-slider\">\r\n                    <div class=\"service-img\">\r\n                <img decoding=\"async\" src=\"https:\/\/regniergroup.com.br\/wp-content\/uploads\/2025\/02\/f05-1.jpg\" title=\"f05\" alt=\"f05\" loading=\"lazy\" \/>            <\/div>\r\n        \r\n        <div class=\"service-title-holder btn_box\">\r\n            <div class=\"service-content-area\">\r\n            \r\n                                                <div class=\"service-desc\">\r\n                        FPSO Hydraulic Cylinder. 360 mm x 260 mm, 3,600 mm stroke. Reliable maintenance carried out by REGNIER INDUSTRIES Brazil.                    <\/div>\r\n                                                    <!-- Button Style -->\r\n                        <!-- Button Style End -->\r\n            <\/div>\r\n        <\/div>\r\n    <\/div>\r\n<\/div>                    <div class=\"grid-item col-lg-4 col-md-6\">\r\n    <div class=\"rs-service-slider\">\r\n                    <div class=\"service-img\">\r\n                <img decoding=\"async\" src=\"https:\/\/regniergroup.com.br\/wp-content\/uploads\/2025\/02\/f15.jpg\" title=\"f15\" alt=\"f15\" loading=\"lazy\" \/>            <\/div>\r\n        \r\n        <div class=\"service-title-holder btn_box\">\r\n            <div class=\"service-content-area\">\r\n            \r\n                                                <div class=\"service-desc\">\r\n                        Compensator cylinder for well intervention vessel. 450 mm x 240 mm, 12,000 mm stroke. Reliable maintenance provided by REGNIER INDUSTRIES Brasil.                    <\/div>\r\n                                                    <!-- Button Style -->\r\n                        <!-- Button Style End -->\r\n            <\/div>\r\n        <\/div>\r\n    <\/div>\r\n<\/div>                    <div class=\"grid-item col-lg-4 col-md-6\">\r\n    <div class=\"rs-service-slider\">\r\n                    <div class=\"service-img\">\r\n                <img decoding=\"async\" src=\"https:\/\/regniergroup.com.br\/wp-content\/uploads\/2025\/02\/f03-3.jpg\" title=\"f03\" alt=\"f03\" loading=\"lazy\" \/>            <\/div>\r\n        \r\n        <div class=\"service-title-holder btn_box\">\r\n            <div class=\"service-content-area\">\r\n            \r\n                                                <div class=\"service-desc\">\r\n                        Offshore crane cylinder. Manufactured by REGNIER INDUSTRIES France in 2011 and serviced by REGNIER INDUSTRIES Brazil in 2018.                    <\/div>\r\n                                                    <!-- Button Style -->\r\n                        <!-- Button Style End -->\r\n            <\/div>\r\n        <\/div>\r\n    <\/div>\r\n<\/div>                    <div class=\"grid-item col-lg-4 col-md-6\">\r\n    <div class=\"rs-service-slider\">\r\n                    <div class=\"service-img\">\r\n                <img decoding=\"async\" src=\"https:\/\/regniergroup.com.br\/wp-content\/uploads\/2025\/02\/f06-1.jpg\" title=\"f06\" alt=\"f06\" loading=\"lazy\" \/>            <\/div>\r\n        \r\n        <div class=\"service-title-holder btn_box\">\r\n            <div class=\"service-content-area\">\r\n            \r\n                                                <div class=\"service-desc\">\r\n                        PLSVS hydroacoustic shackle operating at 3,000 m depth. Manufactured by REGNIER INDUSTRIES France and improved by REGNIER INDUSTRIES Brazil.                    <\/div>\r\n                                                    <!-- Button Style -->\r\n                        <!-- Button Style End -->\r\n            <\/div>\r\n        <\/div>\r\n    <\/div>\r\n<\/div>                    <div class=\"grid-item col-lg-4 col-md-6\">\r\n    <div class=\"rs-service-slider\">\r\n                    <div class=\"service-img\">\r\n                <img decoding=\"async\" src=\"https:\/\/regniergroup.com.br\/wp-content\/uploads\/2025\/02\/f14.jpg\" title=\"f14\" alt=\"f14\" loading=\"lazy\" \/>            <\/div>\r\n        \r\n        <div class=\"service-title-holder btn_box\">\r\n            <div class=\"service-content-area\">\r\n            \r\n                                                <div class=\"service-desc\">\r\n                        Two crane cylinders on A-frame support, with a diameter of 500 mm x 350 mm, stroke of 4,500 mm, equipped with hydraulic manifold and linear stroke measurement.                    <\/div>\r\n                                                    <!-- Button Style -->\r\n                        <!-- Button Style End -->\r\n            <\/div>\r\n        <\/div>\r\n    <\/div>\r\n<\/div>                    <div class=\"grid-item col-lg-4 col-md-6\">\r\n    <div class=\"rs-service-slider\">\r\n                    <div class=\"service-img\">\r\n                <img decoding=\"async\" src=\"https:\/\/regniergroup.com.br\/wp-content\/uploads\/2025\/02\/f07-1.jpg\" title=\"f07\" alt=\"f07\" loading=\"lazy\" \/>            <\/div>\r\n        \r\n        <div class=\"service-title-holder btn_box\">\r\n            <div class=\"service-content-area\">\r\n            \r\n                                                <div class=\"service-desc\">\r\n                        Ceramic coatings, part of our series of special coatings for Offshore applications.                    <\/div>\r\n                                                    <!-- Button Style -->\r\n                        <!-- Button Style End -->\r\n            <\/div>\r\n        <\/div>\r\n    <\/div>\r\n<\/div>                            <\/div>\r\n                    <\/div>\r\n        \t\t\t\t<\/div>\n\t\t\t\t<\/div>\n\t\t\t\t<\/div>\n\t\t\t\t\t<\/div>\n\t\t\t\t<\/div>\n\t\t\t\t<\/div>","protected":false},"excerpt":{"rendered":"<p>A REGNIER INDUSTRIES \u00e9 uma fornecedora experiente para a ind\u00fastria mar\u00edtima e offshore. Nossos produtos atendem aos requisitos altamente exigentes de qualidade, confiabilidade e resist\u00eancia \u00e0 corros\u00e3o deste ambiente hostil. Fornecemos cilindros e sistemas para muitas aplica\u00e7\u00f5es offshore, como: Sistemas de gasodutos (tensores, apertos\u2026); Equipamento de manipula\u00e7\u00e3o de conv\u00e9s (gruas, elevadores, suporte para i\u00e7amento em&#8230;<\/p>","protected":false},"author":1,"featured_media":0,"parent":30140,"menu_order":0,"comment_status":"closed","ping_status":"closed","template":"elementor_header_footer","meta":{"nf_dc_page":"","rs_blank_template":"","rs_page_bg_color":"","slide_template_v7":"","footnotes":""},"class_list":["post-30149","page","type-page","status-publish","hentry"],"_links":{"self":[{"href":"https:\/\/regniergroup.com.br\/en\/wp-json\/wp\/v2\/pages\/30149","targetHints":{"allow":["GET"]}}],"collection":[{"href":"https:\/\/regniergroup.com.br\/en\/wp-json\/wp\/v2\/pages"}],"about":[{"href":"https:\/\/regniergroup.com.br\/en\/wp-json\/wp\/v2\/types\/page"}],"author":[{"embeddable":true,"href":"https:\/\/regniergroup.com.br\/en\/wp-json\/wp\/v2\/users\/1"}],"replies":[{"embeddable":true,"href":"https:\/\/regniergroup.com.br\/en\/wp-json\/wp\/v2\/comments?post=30149"}],"version-history":[{"count":5,"href":"https:\/\/regniergroup.com.br\/en\/wp-json\/wp\/v2\/pages\/30149\/revisions"}],"predecessor-version":[{"id":30184,"href":"https:\/\/regniergroup.com.br\/en\/wp-json\/wp\/v2\/pages\/30149\/revisions\/30184"}],"up":[{"embeddable":true,"href":"https:\/\/regniergroup.com.br\/en\/wp-json\/wp\/v2\/pages\/30140"}],"wp:attachment":[{"href":"https:\/\/regniergroup.com.br\/en\/wp-json\/wp\/v2\/media?parent=30149"}],"curies":[{"name":"wp","href":"https:\/\/api.w.org\/{rel}","templated":true}]}}