{"id":30205,"date":"2025-02-19T11:56:11","date_gmt":"2025-02-19T11:56:11","guid":{"rendered":"https:\/\/regniergroup.com.br\/?page_id=30205"},"modified":"2025-07-01T22:19:03","modified_gmt":"2025-07-02T01:19:03","slug":"papel-automotiva-perfuracao-cimento","status":"publish","type":"page","link":"https:\/\/regniergroup.com.br\/en\/referencias\/papel-automotiva-perfuracao-cimento\/","title":{"rendered":"Paper, Automotive, Drilling, Cement"},"content":{"rendered":"<div data-elementor-type=\"wp-page\" data-elementor-id=\"30205\" class=\"elementor elementor-30205\" data-elementor-post-type=\"page\">\n\t\t\t\t\r\n\t\t<div class=\"default no-position show_shadow rs-sticky-default elementor-element elementor-element-80a191c e-flex e-con-boxed e-con e-parent\" data-id=\"80a191c\" data-element_type=\"container\" data-e-type=\"container\">\n\t\t\t\t\t<div class=\"e-con-inner\">\n\t\t\r\n\t\t<div class=\"default no-position show_shadow rs-sticky-default elementor-element elementor-element-7f01074 e-con-full e-flex e-con e-child\" data-id=\"7f01074\" data-element_type=\"container\" data-e-type=\"container\">\n\t\t\r\n\t\t<div class=\"default no-position show_shadow rs-sticky-default elementor-element elementor-element-0fd4712 e-grid e-con-full e-con e-child\" data-id=\"0fd4712\" data-element_type=\"container\" data-e-type=\"container\">\n\t\t\r\n\t\t\t\t<div class=\"elementor-element elementor-element-805e8a4 elementor-widget elementor-widget-text-editor\" data-id=\"805e8a4\" data-element_type=\"widget\" data-e-type=\"widget\" data-widget_type=\"text-editor.default\">\n\t\t\t\t<div class=\"elementor-widget-container\">\n\t\t\t\t\t\t\t\t\t<p style=\"margin-bottom: 1rem; padding: 0px 0px 1em; font-family: verdana; color: #222222; font-size: 16px;\"><span style=\"font-weight: bolder;\">Tunnel drilling<\/span>\u00a0\u2013 Large cylinders, special actuators or complex swivel joints, the <span style=\"color: #339966;\"><strong>REGNIER INDUSTRIES<\/strong><\/span> meets your needs with a tailor-made design, adapted to the severe conditions that mechanical equipment undergoes in tunnel drilling.<\/p><p style=\"margin-bottom: 1rem; padding: 0px 0px 1em; font-family: verdana; color: #222222; font-size: 16px;\"><span style=\"font-weight: bolder;\">Pulp &amp; Paper<\/span>\u00a0\u2013 As an OEM (Original Equipment Manufacturer) of the famous paper machine manufacturer, the hydraulic cylinders of <strong><span style=\"color: #339966;\">REGNIER INDUSTRIES<\/span><\/strong> are present worldwide. We also supply new cylinders and repairs directly to paper mills.<\/p><p style=\"margin-bottom: 1rem; padding: 0px; font-family: verdana; color: #222222; font-size: 16px;\"><span style=\"font-weight: bolder;\">Ex:<\/span>\u00a0actuators in paper machines, winders, calenders.<\/p>\t\t\t\t\t\t\t\t<\/div>\n\t\t\t\t<\/div>\n\t\t\r\n\t\t\t\t<div class=\"elementor-element elementor-element-0dc5478 elementor-widget elementor-widget-text-editor\" data-id=\"0dc5478\" data-element_type=\"widget\" data-e-type=\"widget\" data-widget_type=\"text-editor.default\">\n\t\t\t\t<div class=\"elementor-widget-container\">\n\t\t\t\t\t\t\t\t\t<p><strong><span style=\"color: #000000;\">Cement<\/span><\/strong>\u00a0\u2013 Like many applications, strategic cement plant equipment is driven by hydraulic cylinders:<\/p><ul class=\"wp-block-list\"><li><strong>Mills:<\/strong> THE <span style=\"color: #339966;\"><strong>REGNIER INDUSTRIES<\/strong><\/span> manufactures and repairs cylinders adapted for mill functions, such as 600 mm drilling cylinders, which work at high frequency;<\/li><li><strong>Clinker cooler:<\/strong> hydraulic cylinder for transport rails;<\/li><li><strong>Clamping cylinders for material handling:<\/strong> surface-hardened steel rods for protection against rock impacts;<\/li><li><strong>Single-acting cylinders:<\/strong> to activate the gas duct valve.<\/li><\/ul>\t\t\t\t\t\t\t\t<\/div>\n\t\t\t\t<\/div>\n\t\t\t\t<\/div>\n\t\t\r\n\t\t\t\t<div class=\"elementor-element elementor-element-f0585c9 elementor-widget elementor-widget-rs-service-slider\" data-id=\"f0585c9\" data-element_type=\"widget\" data-e-type=\"widget\" data-widget_type=\"rs-service-slider.default\">\n\t\t\t\t<div class=\"elementor-widget-container\">\n\t\t\t\t\t        \r\n                <div class=\"rsaddon-unique-slider rs-unique-grid-services\">\r\n            <div class=\"rs-addon-slider rs-services-slider service-style-1 row\">\r\n        \r\n                <div class=\"grid-item col-lg-4 col-md-6\">\r\n    <div class=\"rs-service-slider\">\r\n                    <div class=\"service-img\">\r\n                <img decoding=\"async\" src=\"https:\/\/regniergroup.com.br\/wp-content\/uploads\/2025\/02\/f06-3.jpg\" title=\"f06\" alt=\"f06\" loading=\"lazy\" \/>            <\/div>\r\n        \r\n        <div class=\"service-title-holder btn_box\">\r\n            <div class=\"service-content-area\">\r\n            \r\n                                                <div class=\"service-desc\">\r\n                        <strong>Automotive<\/strong> \u2013 REGNIER INDUSTRIES cylinders and hydraulic systems operate at all stages of the automotive manufacturing process, from engine block casting to the final assembly line.                    <\/div>\r\n                                                    <!-- Button Style -->\r\n                        <!-- Button Style End -->\r\n            <\/div>\r\n        <\/div>\r\n    <\/div>\r\n<\/div>                    <div class=\"grid-item col-lg-4 col-md-6\">\r\n    <div class=\"rs-service-slider\">\r\n                    <div class=\"service-img\">\r\n                <img decoding=\"async\" src=\"https:\/\/regniergroup.com.br\/wp-content\/uploads\/2025\/02\/f03-5.jpg\" title=\"f03\" alt=\"f03\" loading=\"lazy\" \/>            <\/div>\r\n        \r\n        <div class=\"service-title-holder btn_box\">\r\n            <div class=\"service-content-area\">\r\n            \r\n                                                <div class=\"service-desc\">\r\n                        Standard cylinders used in the paper industry.                    <\/div>\r\n                                                    <!-- Button Style -->\r\n                        <!-- Button Style End -->\r\n            <\/div>\r\n        <\/div>\r\n    <\/div>\r\n<\/div>                    <div class=\"grid-item col-lg-4 col-md-6\">\r\n    <div class=\"rs-service-slider\">\r\n                    <div class=\"service-img\">\r\n                <img decoding=\"async\" src=\"https:\/\/regniergroup.com.br\/wp-content\/uploads\/2025\/02\/f01-6.jpg\" title=\"f01\" alt=\"f01\" loading=\"lazy\" \/>            <\/div>\r\n        \r\n        <div class=\"service-title-holder btn_box\">\r\n            <div class=\"service-content-area\">\r\n            \r\n                                                <div class=\"service-desc\">\r\n                        Manufacture of heavy-duty cylinders for cement kiln guidance.                    <\/div>\r\n                                                    <!-- Button Style -->\r\n                        <!-- Button Style End -->\r\n            <\/div>\r\n        <\/div>\r\n    <\/div>\r\n<\/div>                    <div class=\"grid-item col-lg-4 col-md-6\">\r\n    <div class=\"rs-service-slider\">\r\n                    <div class=\"service-img\">\r\n                <img decoding=\"async\" src=\"https:\/\/regniergroup.com.br\/wp-content\/uploads\/2025\/02\/f05-3.jpg\" title=\"f05\" alt=\"f05\" loading=\"lazy\" \/>            <\/div>\r\n        \r\n        <div class=\"service-title-holder btn_box\">\r\n            <div class=\"service-content-area\">\r\n            \r\n                                                <div class=\"service-desc\">\r\n                        Complete stainless steel cylinders for the paper industry.                    <\/div>\r\n                                                    <!-- Button Style -->\r\n                        <!-- Button Style End -->\r\n            <\/div>\r\n        <\/div>\r\n    <\/div>\r\n<\/div>                    <div class=\"grid-item col-lg-4 col-md-6\">\r\n    <div class=\"rs-service-slider\">\r\n                    <div class=\"service-img\">\r\n                <img decoding=\"async\" src=\"https:\/\/regniergroup.com.br\/wp-content\/uploads\/2025\/02\/f02-7.jpg\" title=\"f02\" alt=\"f02\" loading=\"lazy\" \/>            <\/div>\r\n        \r\n        <div class=\"service-title-holder btn_box\">\r\n            <div class=\"service-content-area\">\r\n            \r\n                                                <div class=\"service-desc\">\r\n                        Single-acting cylinder, with a diameter of 600 mm, for crusher.                    <\/div>\r\n                                                    <!-- Button Style -->\r\n                        <!-- Button Style End -->\r\n            <\/div>\r\n        <\/div>\r\n    <\/div>\r\n<\/div>                    <div class=\"grid-item col-lg-4 col-md-6\">\r\n    <div class=\"rs-service-slider\">\r\n                    <div class=\"service-img\">\r\n                <img decoding=\"async\" src=\"https:\/\/regniergroup.com.br\/wp-content\/uploads\/2025\/02\/f04-5.jpg\" title=\"f04\" alt=\"f04\" loading=\"lazy\" \/>            <\/div>\r\n        \r\n        <div class=\"service-title-holder btn_box\">\r\n            <div class=\"service-content-area\">\r\n            \r\n                                                <div class=\"service-desc\">\r\n                        Swivel joint with diameter 400 mm, 22 connections, for tunnel boring machine.                    <\/div>\r\n                                                    <!-- Button Style -->\r\n                        <!-- Button Style End -->\r\n            <\/div>\r\n        <\/div>\r\n    <\/div>\r\n<\/div>                            <\/div>\r\n                    <\/div>\r\n        \t\t\t\t<\/div>\n\t\t\t\t<\/div>\n\t\t\t\t<\/div>\n\t\t\t\t\t<\/div>\n\t\t\t\t<\/div>\n\t\t\t\t<\/div>","protected":false},"excerpt":{"rendered":"<p>Perfura\u00e7\u00e3o de t\u00faneis\u00a0\u2013 Cilindros grandes, atuadores especiais ou juntas girat\u00f3rias complexas, a REGNIER INDUSTRIES atende \u00e0s suas necessidades com um design feito sob medida, adaptado \u00e0s condi\u00e7\u00f5es severas que o equipamento mec\u00e2nico sofre em uma perfura\u00e7\u00e3o de t\u00fanel. Papel &amp; Celulose\u00a0\u2013 Como um OEM (Original Equipment Manufacturer) do famoso fabricante de m\u00e1quinas de papel, os&#8230;<\/p>","protected":false},"author":1,"featured_media":0,"parent":30140,"menu_order":0,"comment_status":"closed","ping_status":"closed","template":"elementor_header_footer","meta":{"nf_dc_page":"","rs_blank_template":"","rs_page_bg_color":"","slide_template_v7":"","footnotes":""},"class_list":["post-30205","page","type-page","status-publish","hentry"],"_links":{"self":[{"href":"https:\/\/regniergroup.com.br\/en\/wp-json\/wp\/v2\/pages\/30205","targetHints":{"allow":["GET"]}}],"collection":[{"href":"https:\/\/regniergroup.com.br\/en\/wp-json\/wp\/v2\/pages"}],"about":[{"href":"https:\/\/regniergroup.com.br\/en\/wp-json\/wp\/v2\/types\/page"}],"author":[{"embeddable":true,"href":"https:\/\/regniergroup.com.br\/en\/wp-json\/wp\/v2\/users\/1"}],"replies":[{"embeddable":true,"href":"https:\/\/regniergroup.com.br\/en\/wp-json\/wp\/v2\/comments?post=30205"}],"version-history":[{"count":5,"href":"https:\/\/regniergroup.com.br\/en\/wp-json\/wp\/v2\/pages\/30205\/revisions"}],"predecessor-version":[{"id":30231,"href":"https:\/\/regniergroup.com.br\/en\/wp-json\/wp\/v2\/pages\/30205\/revisions\/30231"}],"up":[{"embeddable":true,"href":"https:\/\/regniergroup.com.br\/en\/wp-json\/wp\/v2\/pages\/30140"}],"wp:attachment":[{"href":"https:\/\/regniergroup.com.br\/en\/wp-json\/wp\/v2\/media?parent=30205"}],"curies":[{"name":"wp","href":"https:\/\/api.w.org\/{rel}","templated":true}]}}