{"id":30232,"date":"2025-02-19T12:30:55","date_gmt":"2025-02-19T12:30:55","guid":{"rendered":"https:\/\/regniergroup.com.br\/?page_id=30232"},"modified":"2025-07-01T22:25:43","modified_gmt":"2025-07-02T01:25:43","slug":"engenharia-civil-e-hidroeletricidade","status":"publish","type":"page","link":"https:\/\/regniergroup.com.br\/en\/referencias\/engenharia-civil-e-hidroeletricidade\/","title":{"rendered":"Civil Engineering and Hydroelectricity"},"content":{"rendered":"<div data-elementor-type=\"wp-page\" data-elementor-id=\"30232\" class=\"elementor elementor-30232\" data-elementor-post-type=\"page\">\n\t\t\t\t\r\n\t\t<div class=\"default no-position show_shadow rs-sticky-default elementor-element elementor-element-80a191c e-flex e-con-boxed e-con e-parent\" data-id=\"80a191c\" data-element_type=\"container\" data-e-type=\"container\">\n\t\t\t\t\t<div class=\"e-con-inner\">\n\t\t\r\n\t\t<div class=\"default no-position show_shadow rs-sticky-default elementor-element elementor-element-7f01074 e-con-full e-flex e-con e-child\" data-id=\"7f01074\" data-element_type=\"container\" data-e-type=\"container\">\n\t\t\r\n\t\t<div class=\"default no-position show_shadow rs-sticky-default elementor-element elementor-element-0fd4712 e-grid e-con-full e-con e-child\" data-id=\"0fd4712\" data-element_type=\"container\" data-e-type=\"container\">\n\t\t\r\n\t\t\t\t<div class=\"elementor-element elementor-element-805e8a4 elementor-widget elementor-widget-text-editor\" data-id=\"805e8a4\" data-element_type=\"widget\" data-e-type=\"widget\" data-widget_type=\"text-editor.default\">\n\t\t\t\t<div class=\"elementor-widget-container\">\n\t\t\t\t\t\t\t\t\t<p style=\"margin-bottom: 1rem; padding: 0px 0px 1em; font-family: verdana; color: #222222; font-size: 16px;\">High quality is required for the essential, long-lasting cylinders used in civil engineering. <strong><span style=\"color: #339966;\">REGNIER INDUSTRIES<\/span><\/strong> is a long-standing partner in this segment. We have worked on numerous projects worldwide. We produce cylinders according to specific standards and regulations.<\/p>\t\t\t\t\t\t\t\t<\/div>\n\t\t\t\t<\/div>\n\t\t\r\n\t\t\t\t<div class=\"elementor-element elementor-element-0dc5478 elementor-widget elementor-widget-text-editor\" data-id=\"0dc5478\" data-element_type=\"widget\" data-e-type=\"widget\" data-widget_type=\"text-editor.default\">\n\t\t\t\t<div class=\"elementor-widget-container\">\n\t\t\t\t\t\t\t\t\t<p>We supply cylinders and systems for many civil engineering applications, such as:<\/p><ul class=\"wp-block-list\"><li>Radial type gates;<\/li><li>Locks;<\/li><li>Hydraulic gates;<\/li><li>Lock gates;<\/li><li>Ball valves;<\/li><li>Bridges and drawbridges (Roll On \u2013 Roll Off).<\/li><\/ul>\t\t\t\t\t\t\t\t<\/div>\n\t\t\t\t<\/div>\n\t\t\t\t<\/div>\n\t\t\r\n\t\t\t\t<div class=\"elementor-element elementor-element-f0585c9 elementor-widget elementor-widget-rs-service-slider\" data-id=\"f0585c9\" data-element_type=\"widget\" data-e-type=\"widget\" data-widget_type=\"rs-service-slider.default\">\n\t\t\t\t<div class=\"elementor-widget-container\">\n\t\t\t\t\t        \r\n                <div class=\"rsaddon-unique-slider rs-unique-grid-services\">\r\n            <div class=\"rs-addon-slider rs-services-slider service-style-1 row\">\r\n        \r\n                <div class=\"grid-item col-lg-4 col-md-6\">\r\n    <div class=\"rs-service-slider\">\r\n                    <div class=\"service-img\">\r\n                <img decoding=\"async\" src=\"https:\/\/regniergroup.com.br\/wp-content\/uploads\/2025\/02\/f05-4.jpg\" title=\"f05\" alt=\"Cilindros e sistemas hidr\u00e1ulicos, equipados com medi\u00e7\u00e3o de curso linear, para sistema regulador autom\u00e1tico do n\u00edvel do rio.\" loading=\"lazy\" \/>            <\/div>\r\n        \r\n        <div class=\"service-title-holder btn_box\">\r\n            <div class=\"service-content-area\">\r\n            \r\n                                                <div class=\"service-desc\">\r\n                        Hydraulic cylinders and systems, equipped with linear stroke measurement, for automatic river level regulation system.                    <\/div>\r\n                                                    <!-- Button Style -->\r\n                        <!-- Button Style End -->\r\n            <\/div>\r\n        <\/div>\r\n    <\/div>\r\n<\/div>                    <div class=\"grid-item col-lg-4 col-md-6\">\r\n    <div class=\"rs-service-slider\">\r\n                    <div class=\"service-img\">\r\n                <img decoding=\"async\" src=\"https:\/\/regniergroup.com.br\/wp-content\/uploads\/2025\/02\/f03-6.jpg\" title=\"f03\" alt=\"Barragem Tr\u00eas Gargantas (China), cilindros de comporta equipados com o SENSO\u2019R da REGNIER INDUSTRIES, sistema de medi\u00e7\u00e3o de curso linear.\" loading=\"lazy\" \/>            <\/div>\r\n        \r\n        <div class=\"service-title-holder btn_box\">\r\n            <div class=\"service-content-area\">\r\n            \r\n                                                <div class=\"service-desc\">\r\n                        Three Gorges Dam (China), gate cylinders equipped with REGNIER INDUSTRIES&#039; SENSO&#039;R linear stroke measurement system.                    <\/div>\r\n                                                    <!-- Button Style -->\r\n                        <!-- Button Style End -->\r\n            <\/div>\r\n        <\/div>\r\n    <\/div>\r\n<\/div>                    <div class=\"grid-item col-lg-4 col-md-6\">\r\n    <div class=\"rs-service-slider\">\r\n                    <div class=\"service-img\">\r\n                <img decoding=\"async\" src=\"https:\/\/regniergroup.com.br\/wp-content\/uploads\/2025\/02\/f01-7.jpg\" title=\"f01\" alt=\"Quatro cilindros hidr\u00e1ulicos, com di\u00e2metro de 360 mm x 140 mm, curso de 7.000 mm com revestimento de cer\u00e2mica, equipados com o SENSO\u2019R de medi\u00e7\u00e3o de curso linear.\" loading=\"lazy\" \/>            <\/div>\r\n        \r\n        <div class=\"service-title-holder btn_box\">\r\n            <div class=\"service-content-area\">\r\n            \r\n                                                <div class=\"service-desc\">\r\n                        Four hydraulic cylinders, with a diameter of 360 mm x 140 mm, stroke of 7,000 mm with ceramic coating, equipped with the SENSO&#039;R linear stroke measurement.                    <\/div>\r\n                                                    <!-- Button Style -->\r\n                        <!-- Button Style End -->\r\n            <\/div>\r\n        <\/div>\r\n    <\/div>\r\n<\/div>                    <div class=\"grid-item col-lg-4 col-md-6\">\r\n    <div class=\"rs-service-slider\">\r\n                    <div class=\"service-img\">\r\n                <img decoding=\"async\" src=\"https:\/\/regniergroup.com.br\/wp-content\/uploads\/2025\/02\/f04-6.jpg\" title=\"f04\" alt=\"Comporta da Barragem Tr\u00eas Gargantas (China).\" loading=\"lazy\" \/>            <\/div>\r\n        \r\n        <div class=\"service-title-holder btn_box\">\r\n            <div class=\"service-content-area\">\r\n            \r\n                                                <div class=\"service-desc\">\r\n                        Three Gorges Dam Gate (China).                    <\/div>\r\n                                                    <!-- Button Style -->\r\n                        <!-- Button Style End -->\r\n            <\/div>\r\n        <\/div>\r\n    <\/div>\r\n<\/div>                    <div class=\"grid-item col-lg-4 col-md-6\">\r\n    <div class=\"rs-service-slider\">\r\n                    <div class=\"service-img\">\r\n                <img decoding=\"async\" src=\"https:\/\/regniergroup.com.br\/wp-content\/uploads\/2025\/02\/f02-8.jpg\" title=\"f02\" alt=\"Fabrica\u00e7\u00e3o de uma ampla s\u00e9rie de cilindros e sistemas hidr\u00e1ulicos para comportas radiais.\" loading=\"lazy\" \/>            <\/div>\r\n        \r\n        <div class=\"service-title-holder btn_box\">\r\n            <div class=\"service-content-area\">\r\n            \r\n                                                <div class=\"service-desc\">\r\n                        Manufacture of a wide range of cylinders and hydraulic systems for radial gates.                    <\/div>\r\n                                                    <!-- Button Style -->\r\n                        <!-- Button Style End -->\r\n            <\/div>\r\n        <\/div>\r\n    <\/div>\r\n<\/div>                            <\/div>\r\n                    <\/div>\r\n        \t\t\t\t<\/div>\n\t\t\t\t<\/div>\n\t\t\t\t<\/div>\n\t\t\t\t\t<\/div>\n\t\t\t\t<\/div>\n\t\t\t\t<\/div>","protected":false},"excerpt":{"rendered":"<p>Alta qualidade \u00e9 necess\u00e1ria para os cilindros fundamentais e de longa dura\u00e7\u00e3o usados na Engenharia Civil. A REGNIER INDUSTRIES \u00e9 um parceiro de longa data neste segmento. Temos trabalhado em muitos projetos em todo o mundo. Produzimos cilindros de acordo com normas e regulamentos espec\u00edficos. Fornecemos cilindros e sistemas para muitas aplica\u00e7\u00f5es de engenharia civil,&#8230;<\/p>","protected":false},"author":1,"featured_media":0,"parent":30140,"menu_order":0,"comment_status":"closed","ping_status":"closed","template":"elementor_header_footer","meta":{"nf_dc_page":"","rs_blank_template":"","rs_page_bg_color":"","slide_template_v7":"","footnotes":""},"class_list":["post-30232","page","type-page","status-publish","hentry"],"_links":{"self":[{"href":"https:\/\/regniergroup.com.br\/en\/wp-json\/wp\/v2\/pages\/30232","targetHints":{"allow":["GET"]}}],"collection":[{"href":"https:\/\/regniergroup.com.br\/en\/wp-json\/wp\/v2\/pages"}],"about":[{"href":"https:\/\/regniergroup.com.br\/en\/wp-json\/wp\/v2\/types\/page"}],"author":[{"embeddable":true,"href":"https:\/\/regniergroup.com.br\/en\/wp-json\/wp\/v2\/users\/1"}],"replies":[{"embeddable":true,"href":"https:\/\/regniergroup.com.br\/en\/wp-json\/wp\/v2\/comments?post=30232"}],"version-history":[{"count":5,"href":"https:\/\/regniergroup.com.br\/en\/wp-json\/wp\/v2\/pages\/30232\/revisions"}],"predecessor-version":[{"id":30290,"href":"https:\/\/regniergroup.com.br\/en\/wp-json\/wp\/v2\/pages\/30232\/revisions\/30290"}],"up":[{"embeddable":true,"href":"https:\/\/regniergroup.com.br\/en\/wp-json\/wp\/v2\/pages\/30140"}],"wp:attachment":[{"href":"https:\/\/regniergroup.com.br\/en\/wp-json\/wp\/v2\/media?parent=30232"}],"curies":[{"name":"wp","href":"https:\/\/api.w.org\/{rel}","templated":true}]}}