{"id":30291,"date":"2025-02-20T12:51:26","date_gmt":"2025-02-20T12:51:26","guid":{"rendered":"https:\/\/regniergroup.com.br\/?page_id=30291"},"modified":"2025-07-01T22:18:47","modified_gmt":"2025-07-02T01:18:47","slug":"equipamentos-de-manuseio","status":"publish","type":"page","link":"https:\/\/regniergroup.com.br\/en\/referencias\/equipamentos-de-manuseio\/","title":{"rendered":"Handling Equipment"},"content":{"rendered":"<div data-elementor-type=\"wp-page\" data-elementor-id=\"30291\" class=\"elementor elementor-30291\" data-elementor-post-type=\"page\">\n\t\t\t\t\r\n\t\t<div class=\"default no-position show_shadow rs-sticky-default elementor-element elementor-element-80a191c e-flex e-con-boxed e-con e-parent\" data-id=\"80a191c\" data-element_type=\"container\" data-e-type=\"container\">\n\t\t\t\t\t<div class=\"e-con-inner\">\n\t\t\r\n\t\t<div class=\"default no-position show_shadow rs-sticky-default elementor-element elementor-element-7f01074 e-con-full e-flex e-con e-child\" data-id=\"7f01074\" data-element_type=\"container\" data-e-type=\"container\">\n\t\t\r\n\t\t<div class=\"default no-position show_shadow rs-sticky-default elementor-element elementor-element-d7093b0 e-con-full e-flex e-con e-child\" data-id=\"d7093b0\" data-element_type=\"container\" data-e-type=\"container\">\n\t\t\r\n\t\t\t\t<div class=\"elementor-element elementor-element-d16a89e elementor-widget elementor-widget-text-editor\" data-id=\"d16a89e\" data-element_type=\"widget\" data-e-type=\"widget\" data-widget_type=\"text-editor.default\">\n\t\t\t\t<div class=\"elementor-widget-container\">\n\t\t\t\t\t\t\t\t\t<p>Cylinders are strategic mechanisms for handling equipment. In addition to their actuating role, they ensure the safety of a system that is severely tested by its operating conditions (rapid and frequent movement, pressure spikes, environmental stresses, etc.). Therefore, tenacity and quality are key in this field.<\/p>\t\t\t\t\t\t\t\t<\/div>\n\t\t\t\t<\/div>\n\t\t\t\t<\/div>\n\t\t\r\n\t\t\t\t<div class=\"elementor-element elementor-element-f0585c9 elementor-widget elementor-widget-rs-service-slider\" data-id=\"f0585c9\" data-element_type=\"widget\" data-e-type=\"widget\" data-widget_type=\"rs-service-slider.default\">\n\t\t\t\t<div class=\"elementor-widget-container\">\n\t\t\t\t\t        \r\n                <div class=\"rsaddon-unique-slider rs-unique-grid-services\">\r\n            <div class=\"rs-addon-slider rs-services-slider service-style-1 row\">\r\n        \r\n                <div class=\"grid-item col-lg-4 col-md-6\">\r\n    <div class=\"rs-service-slider\">\r\n                    <div class=\"service-img\">\r\n                <img decoding=\"async\" src=\"https:\/\/regniergroup.com.br\/wp-content\/uploads\/2025\/02\/f03-7.jpg\" title=\"f03\" alt=\"f03\" loading=\"lazy\" \/>            <\/div>\r\n        \r\n        <div class=\"service-title-holder btn_box\">\r\n            <div class=\"service-content-area\">\r\n            \r\n                                                <div class=\"service-desc\">\r\n                        Manufacture and maintenance of cylinders for earthmoving and public works.                    <\/div>\r\n                                                    <!-- Button Style -->\r\n                        <!-- Button Style End -->\r\n            <\/div>\r\n        <\/div>\r\n    <\/div>\r\n<\/div>                    <div class=\"grid-item col-lg-4 col-md-6\">\r\n    <div class=\"rs-service-slider\">\r\n                    <div class=\"service-img\">\r\n                <img decoding=\"async\" src=\"https:\/\/regniergroup.com.br\/wp-content\/uploads\/2025\/02\/f01-8.jpg\" title=\"f01\" alt=\"f01\" loading=\"lazy\" \/>            <\/div>\r\n        \r\n        <div class=\"service-title-holder btn_box\">\r\n            <div class=\"service-content-area\">\r\n            \r\n                                                <div class=\"service-desc\">\r\n                        Manufacture and maintenance of cylinders for container handlers and forklifts.                    <\/div>\r\n                                                    <!-- Button Style -->\r\n                        <!-- Button Style End -->\r\n            <\/div>\r\n        <\/div>\r\n    <\/div>\r\n<\/div>                    <div class=\"grid-item col-lg-4 col-md-6\">\r\n    <div class=\"rs-service-slider\">\r\n                    <div class=\"service-img\">\r\n                <img decoding=\"async\" src=\"https:\/\/regniergroup.com.br\/wp-content\/uploads\/2025\/02\/f05-5.jpg\" title=\"f05\" alt=\"f05\" loading=\"lazy\" \/>            <\/div>\r\n        \r\n        <div class=\"service-title-holder btn_box\">\r\n            <div class=\"service-content-area\">\r\n            \r\n                                                <div class=\"service-desc\">\r\n                        Hydraulic cylinders with a diameter of 275 mm x 180 mm, stroke of 2,000 mm, for balanced cranes.                    <\/div>\r\n                                                    <!-- Button Style -->\r\n                        <!-- Button Style End -->\r\n            <\/div>\r\n        <\/div>\r\n    <\/div>\r\n<\/div>                    <div class=\"grid-item col-lg-4 col-md-6\">\r\n    <div class=\"rs-service-slider\">\r\n                    <div class=\"service-img\">\r\n                <img decoding=\"async\" src=\"https:\/\/regniergroup.com.br\/wp-content\/uploads\/2025\/02\/f02-9.jpg\" title=\"f02\" alt=\"f02\" loading=\"lazy\" \/>            <\/div>\r\n        \r\n        <div class=\"service-title-holder btn_box\">\r\n            <div class=\"service-content-area\">\r\n            \r\n                                                <div class=\"service-desc\">\r\n                        Suspension cylinders for heavy load carrier.                    <\/div>\r\n                                                    <!-- Button Style -->\r\n                        <!-- Button Style End -->\r\n            <\/div>\r\n        <\/div>\r\n    <\/div>\r\n<\/div>                    <div class=\"grid-item col-lg-4 col-md-6\">\r\n    <div class=\"rs-service-slider\">\r\n                    <div class=\"service-img\">\r\n                <img decoding=\"async\" src=\"https:\/\/regniergroup.com.br\/wp-content\/uploads\/2025\/02\/f04-7.jpg\" title=\"f04\" alt=\"f04\" loading=\"lazy\" \/>            <\/div>\r\n        \r\n        <div class=\"service-title-holder btn_box\">\r\n            <div class=\"service-content-area\">\r\n            \r\n                                                <div class=\"service-desc\">\r\n                        Cable tensioning cylinders for cable cars.                    <\/div>\r\n                                                    <!-- Button Style -->\r\n                        <!-- Button Style End -->\r\n            <\/div>\r\n        <\/div>\r\n    <\/div>\r\n<\/div>                    <div class=\"grid-item col-lg-4 col-md-6\">\r\n    <div class=\"rs-service-slider\">\r\n                    <div class=\"service-img\">\r\n                <img decoding=\"async\" src=\"https:\/\/regniergroup.com.br\/wp-content\/uploads\/2025\/02\/f06-4.jpg\" title=\"f06\" alt=\"f06\" loading=\"lazy\" \/>            <\/div>\r\n        \r\n        <div class=\"service-title-holder btn_box\">\r\n            <div class=\"service-content-area\">\r\n            \r\n                                                <div class=\"service-desc\">\r\n                        Manufacturing and maintenance of superior quality cylinders for handling scrap steel, aggregates, wood\u2026                    <\/div>\r\n                                                    <!-- Button Style -->\r\n                        <!-- Button Style End -->\r\n            <\/div>\r\n        <\/div>\r\n    <\/div>\r\n<\/div>                            <\/div>\r\n                    <\/div>\r\n        \t\t\t\t<\/div>\n\t\t\t\t<\/div>\n\t\t\t\t<\/div>\n\t\t\t\t\t<\/div>\n\t\t\t\t<\/div>\n\t\t\t\t<\/div>","protected":false},"excerpt":{"rendered":"<p>Cilindros s\u00e3o mecanismos estrat\u00e9gicos no manuseio de equipamentos, al\u00e9m de seu papel atuador, garantem a seguran\u00e7a de um sistema severamente testado por suas condi\u00e7\u00f5es de opera\u00e7\u00e3o (movimento r\u00e1pido e frequente, pico de press\u00e3o, agress\u00f5es ao meio ambiente\u2026). Portanto, tenacidade e qualidade s\u00e3o palavras-chave neste ramo. Fabrica\u00e7\u00e3o e manuten\u00e7\u00e3o de cilindros para terraplanagem e obras p\u00fablicas&#8230;.<\/p>","protected":false},"author":1,"featured_media":0,"parent":30140,"menu_order":0,"comment_status":"closed","ping_status":"closed","template":"elementor_header_footer","meta":{"nf_dc_page":"","rs_blank_template":"","rs_page_bg_color":"","slide_template_v7":"","footnotes":""},"class_list":["post-30291","page","type-page","status-publish","hentry"],"_links":{"self":[{"href":"https:\/\/regniergroup.com.br\/en\/wp-json\/wp\/v2\/pages\/30291","targetHints":{"allow":["GET"]}}],"collection":[{"href":"https:\/\/regniergroup.com.br\/en\/wp-json\/wp\/v2\/pages"}],"about":[{"href":"https:\/\/regniergroup.com.br\/en\/wp-json\/wp\/v2\/types\/page"}],"author":[{"embeddable":true,"href":"https:\/\/regniergroup.com.br\/en\/wp-json\/wp\/v2\/users\/1"}],"replies":[{"embeddable":true,"href":"https:\/\/regniergroup.com.br\/en\/wp-json\/wp\/v2\/comments?post=30291"}],"version-history":[{"count":5,"href":"https:\/\/regniergroup.com.br\/en\/wp-json\/wp\/v2\/pages\/30291\/revisions"}],"predecessor-version":[{"id":30311,"href":"https:\/\/regniergroup.com.br\/en\/wp-json\/wp\/v2\/pages\/30291\/revisions\/30311"}],"up":[{"embeddable":true,"href":"https:\/\/regniergroup.com.br\/en\/wp-json\/wp\/v2\/pages\/30140"}],"wp:attachment":[{"href":"https:\/\/regniergroup.com.br\/en\/wp-json\/wp\/v2\/media?parent=30291"}],"curies":[{"name":"wp","href":"https:\/\/api.w.org\/{rel}","templated":true}]}}