{"id":30312,"date":"2025-02-20T13:00:47","date_gmt":"2025-02-20T13:00:47","guid":{"rendered":"https:\/\/regniergroup.com.br\/?page_id=30312"},"modified":"2025-07-01T22:19:10","modified_gmt":"2025-07-02T01:19:10","slug":"pesquisa-nuclear-defesa-aeroespacial","status":"publish","type":"page","link":"https:\/\/regniergroup.com.br\/en\/referencias\/pesquisa-nuclear-defesa-aeroespacial\/","title":{"rendered":"Research, Nuclear, Defense, Aerospace"},"content":{"rendered":"<div data-elementor-type=\"wp-page\" data-elementor-id=\"30312\" class=\"elementor elementor-30312\" data-elementor-post-type=\"page\">\n\t\t\t\t\r\n\t\t<div class=\"default no-position show_shadow rs-sticky-default elementor-element elementor-element-80a191c e-flex e-con-boxed e-con e-parent\" data-id=\"80a191c\" data-element_type=\"container\" data-e-type=\"container\">\n\t\t\t\t\t<div class=\"e-con-inner\">\n\t\t\r\n\t\t<div class=\"default no-position show_shadow rs-sticky-default elementor-element elementor-element-7f01074 e-con-full e-flex e-con e-child\" data-id=\"7f01074\" data-element_type=\"container\" data-e-type=\"container\">\n\t\t\r\n\t\t<div class=\"default no-position show_shadow rs-sticky-default elementor-element elementor-element-0fd4712 e-grid e-con-full e-con e-child\" data-id=\"0fd4712\" data-element_type=\"container\" data-e-type=\"container\">\n\t\t\r\n\t\t\t\t<div class=\"elementor-element elementor-element-805e8a4 elementor-widget elementor-widget-text-editor\" data-id=\"805e8a4\" data-element_type=\"widget\" data-e-type=\"widget\" data-widget_type=\"text-editor.default\">\n\t\t\t\t<div class=\"elementor-widget-container\">\n\t\t\t\t\t\t\t\t\t<p>A manufacturer of highly engineered, custom cylinders, we have been designing actuators for the nuclear industry for many years. Our products, which are made entirely of stainless steel and operate with demineralized water, are fully adapted to the nuclear environment and its demands for high quality. They enable long life cycles and, therefore, reduced maintenance.<\/p><p>Our products comply with the demanding quality standards of the nuclear industry, with materials and tools adapted to this specific environment.<\/p><p><strong>Defense<\/strong>\u00a0\u2013 On the battlefield, failure is unacceptable, especially for machines that require the highest level of reliability. From the simplest to the most complex developments, the highest level of product quality <span style=\"color: #339966;\"><strong>REGNIER INDUSTRIES<\/strong><\/span> is the guarantee of its efficiency and durability.<\/p><p>The aerospace industry demands high-quality, precision manufacturing tools.<\/p>\t\t\t\t\t\t\t\t<\/div>\n\t\t\t\t<\/div>\n\t\t\r\n\t\t\t\t<div class=\"elementor-element elementor-element-0dc5478 elementor-widget elementor-widget-text-editor\" data-id=\"0dc5478\" data-element_type=\"widget\" data-e-type=\"widget\" data-widget_type=\"text-editor.default\">\n\t\t\t\t<div class=\"elementor-widget-container\">\n\t\t\t\t\t\t\t\t\t<p>The products of <span style=\"color: #339966;\"><strong>REGNIER INDUSTRIES<\/strong> <\/span>combine heavy load and precision in movement thanks to quality in design and manufacturing. Research studies can be carried out in the silence of a laboratory or outdoors in nature, facing extreme conditions such as intense cold or high pressure in the ocean.<\/p><p>In any case, the <strong><span style=\"color: #339966;\">REGNIER INDUSTRIES<\/span><\/strong> can develop an actuator for your application and special requirements.<\/p><p><strong>Ex:<\/strong>\u00a0lifting pylons for the Concordia research base in Antarctica, automatic deepwater pipeline replacement, a test bench for flexible pipelines, handling equipment for the research center&#039;s pool, a valve actuator under the Ariane V rocket launch site.<\/p><p><strong>Ex:<\/strong>\u00a0Forging press for jet blades, tensile machine, test bench for bending airplane wings, vibration test bench for helicopter rotor hubs\u2026<\/p>\t\t\t\t\t\t\t\t<\/div>\n\t\t\t\t<\/div>\n\t\t\t\t<\/div>\n\t\t\r\n\t\t\t\t<div class=\"elementor-element elementor-element-f0585c9 elementor-widget elementor-widget-rs-service-slider\" data-id=\"f0585c9\" data-element_type=\"widget\" data-e-type=\"widget\" data-widget_type=\"rs-service-slider.default\">\n\t\t\t\t<div class=\"elementor-widget-container\">\n\t\t\t\t\t        \r\n                <div class=\"rsaddon-unique-slider rs-unique-grid-services\">\r\n            <div class=\"rs-addon-slider rs-services-slider service-style-1 row\">\r\n        \r\n                <div class=\"grid-item col-lg-6 col-md-6\">\r\n    <div class=\"rs-service-slider\">\r\n                    <div class=\"service-img\">\r\n                <img decoding=\"async\" src=\"https:\/\/regniergroup.com.br\/wp-content\/uploads\/2025\/02\/f04-8.jpg\" title=\"f04\" alt=\"f04\" loading=\"lazy\" \/>            <\/div>\r\n        \r\n        <div class=\"service-title-holder btn_box\">\r\n            <div class=\"service-content-area\">\r\n            \r\n                                                <div class=\"service-desc\">\r\n                        <strong>Nuclear<\/strong> \u2013 Hatch opening cylinder for use in the uranium and plutonium separation process.                    <\/div>\r\n                                                    <!-- Button Style -->\r\n                        <!-- Button Style End -->\r\n            <\/div>\r\n        <\/div>\r\n    <\/div>\r\n<\/div>                    <div class=\"grid-item col-lg-6 col-md-6\">\r\n    <div class=\"rs-service-slider\">\r\n                    <div class=\"service-img\">\r\n                <img decoding=\"async\" src=\"https:\/\/regniergroup.com.br\/wp-content\/uploads\/2025\/02\/f02-10.jpg\" title=\"f02\" alt=\"f02\" loading=\"lazy\" \/>            <\/div>\r\n        \r\n        <div class=\"service-title-holder btn_box\">\r\n            <div class=\"service-content-area\">\r\n            \r\n                                                <div class=\"service-desc\">\r\n                        <strong>Nuclear<\/strong> \u2013 Stainless steel cylinder, operating with water, used for handling in a nuclear environment.                    <\/div>\r\n                                                    <!-- Button Style -->\r\n                        <!-- Button Style End -->\r\n            <\/div>\r\n        <\/div>\r\n    <\/div>\r\n<\/div>                    <div class=\"grid-item col-lg-6 col-md-6\">\r\n    <div class=\"rs-service-slider\">\r\n                    <div class=\"service-img\">\r\n                <img decoding=\"async\" src=\"https:\/\/regniergroup.com.br\/wp-content\/uploads\/2025\/02\/f03-8.jpg\" title=\"f03\" alt=\"f03\" loading=\"lazy\" \/>            <\/div>\r\n        \r\n        <div class=\"service-title-holder btn_box\">\r\n            <div class=\"service-content-area\">\r\n            \r\n                                                <div class=\"service-desc\">\r\n                        <strong>Search<\/strong> \u2013 Hydraulic cylinders to operate the pylons of the Concordia research station, Antarctica. With temperatures below -81.9\u00b0C (as recorded in 2007), the cold was a major challenge for the project. In these extreme conditions, all materials used in the cylinders undergo rigorous testing\u2026                    <\/div>\r\n                                                    <!-- Button Style -->\r\n                        <!-- Button Style End -->\r\n            <\/div>\r\n        <\/div>\r\n    <\/div>\r\n<\/div>                    <div class=\"grid-item col-lg-6 col-md-6\">\r\n    <div class=\"rs-service-slider\">\r\n                    <div class=\"service-img\">\r\n                <img decoding=\"async\" src=\"https:\/\/regniergroup.com.br\/wp-content\/uploads\/2025\/02\/f01-9.jpg\" title=\"f01\" alt=\"f01\" loading=\"lazy\" \/>            <\/div>\r\n        \r\n        <div class=\"service-title-holder btn_box\">\r\n            <div class=\"service-content-area\">\r\n            \r\n                                                <div class=\"service-desc\">\r\n                        <strong>Search<\/strong> \u2013 Hydraulic cylinder with a diameter of 580 mm x 280 mm, stroke of 1,500 mm, for flexpipe bench.                    <\/div>\r\n                                                    <!-- Button Style -->\r\n                        <!-- Button Style End -->\r\n            <\/div>\r\n        <\/div>\r\n    <\/div>\r\n<\/div>                            <\/div>\r\n                    <\/div>\r\n        \t\t\t\t<\/div>\n\t\t\t\t<\/div>\n\t\t\t\t<\/div>\n\t\t\t\t\t<\/div>\n\t\t\t\t<\/div>\n\t\t\t\t<\/div>","protected":false},"excerpt":{"rendered":"<p>Fabricante de cilindros personalizados e altamente t\u00e9cnicos, projetamos atuadores para a ind\u00fastria nuclear h\u00e1 muitos anos.Nossos produtos, que s\u00e3o totalmente fabricados em a\u00e7o inoxid\u00e1vel e operam com \u00e1gua desmineralizada, s\u00e3o totalmente adaptados ao ambiente nuclear e a sua exig\u00eancia de maior qualidade. Eles permitem longos ciclos de vida e, portanto, menos trabalhos de manuten\u00e7\u00e3o. Nossos&#8230;<\/p>","protected":false},"author":1,"featured_media":0,"parent":30140,"menu_order":0,"comment_status":"closed","ping_status":"closed","template":"elementor_header_footer","meta":{"nf_dc_page":"","rs_blank_template":"","rs_page_bg_color":"","slide_template_v7":"","footnotes":""},"class_list":["post-30312","page","type-page","status-publish","hentry"],"_links":{"self":[{"href":"https:\/\/regniergroup.com.br\/en\/wp-json\/wp\/v2\/pages\/30312","targetHints":{"allow":["GET"]}}],"collection":[{"href":"https:\/\/regniergroup.com.br\/en\/wp-json\/wp\/v2\/pages"}],"about":[{"href":"https:\/\/regniergroup.com.br\/en\/wp-json\/wp\/v2\/types\/page"}],"author":[{"embeddable":true,"href":"https:\/\/regniergroup.com.br\/en\/wp-json\/wp\/v2\/users\/1"}],"replies":[{"embeddable":true,"href":"https:\/\/regniergroup.com.br\/en\/wp-json\/wp\/v2\/comments?post=30312"}],"version-history":[{"count":5,"href":"https:\/\/regniergroup.com.br\/en\/wp-json\/wp\/v2\/pages\/30312\/revisions"}],"predecessor-version":[{"id":30333,"href":"https:\/\/regniergroup.com.br\/en\/wp-json\/wp\/v2\/pages\/30312\/revisions\/30333"}],"up":[{"embeddable":true,"href":"https:\/\/regniergroup.com.br\/en\/wp-json\/wp\/v2\/pages\/30140"}],"wp:attachment":[{"href":"https:\/\/regniergroup.com.br\/en\/wp-json\/wp\/v2\/media?parent=30312"}],"curies":[{"name":"wp","href":"https:\/\/api.w.org\/{rel}","templated":true}]}}