{"id":30667,"date":"2025-02-27T15:29:34","date_gmt":"2025-02-27T18:29:34","guid":{"rendered":"https:\/\/regniergroup.com.br\/?page_id=30667"},"modified":"2025-07-01T22:22:01","modified_gmt":"2025-07-02T01:22:01","slug":"politicas","status":"publish","type":"page","link":"https:\/\/regniergroup.com.br\/en\/politicas\/","title":{"rendered":"Policies"},"content":{"rendered":"<div data-elementor-type=\"wp-page\" data-elementor-id=\"30667\" class=\"elementor elementor-30667\" data-elementor-post-type=\"page\">\n\t\t\t\t\r\n\t\t<div class=\"default no-position show_shadow rs-sticky-default elementor-element elementor-element-fab563d e-flex e-con-boxed e-con e-parent\" data-id=\"fab563d\" data-element_type=\"container\" data-e-type=\"container\" data-settings=\"{&quot;background_background&quot;:&quot;classic&quot;}\">\n\t\t\t\t\t<div class=\"e-con-inner\">\n\t\t\r\n\t\t\t\t<div class=\"elementor-element elementor-element-8c06195 elementor-icon-list--layout-inline elementor-align-center elementor-list-item-link-full_width elementor-widget elementor-widget-icon-list\" data-id=\"8c06195\" data-element_type=\"widget\" data-e-type=\"widget\" data-widget_type=\"icon-list.default\">\n\t\t\t\t<div class=\"elementor-widget-container\">\n\t\t\t\t\t\t\t<ul class=\"elementor-icon-list-items elementor-inline-items\">\n\t\t\t\t\t\t\t<li class=\"elementor-icon-list-item elementor-inline-item\">\n\t\t\t\t\t\t\t\t\t\t\t<a href=\"#PAS\">\n\n\t\t\t\t\t\t\t\t\t\t\t\t<span class=\"elementor-icon-list-icon\">\n\t\t\t\t\t\t\t<svg xmlns=\"http:\/\/www.w3.org\/2000\/svg\" id=\"Camada_2\" data-name=\"Camada 2\" viewbox=\"0 0 146.66 189\"><g id=\"icone-regnier\"><path d=\"M107.93,45.23c-.35-5.94-2.69-28.87-3.11-33.78C94.7,1.9,81.89,0,73.33,0c-2.34,0-4.9.12-7.55.55,0,12.24-.35,24.36-.66,36.48,2.69-.24,5.33-.36,8.25-.36,10.59.24,19.27.44,34.6,8.52l-.04.04ZM46.75,7.53c-1.79,1.11-3.35,2.46-5.02,3.92-.43,4.95-2.69,27.84-3.11,33.9,1.91-1.11,3.78-2.02,5.45-2.81.78-10.46,2.1-27.61,2.69-35.01h0ZM135.33,73.63c-4.67-7.29-10.59-13.7-17.59-18.85l-34.48,113.15,52.08-94.3h0ZM130.97,157.16l-48.85,27.05c19.7-2.38,37.05-12.48,48.85-27.05ZM138.64,145.59c3.23-6.42,5.68-13.23,7.01-20.56l-63.99,53.55,56.98-32.99ZM146.66,107.41c-.54-7.29-2.1-14.38-4.67-20.87l-59.55,87.69,64.22-66.82ZM28.8,54.78c-6.89,5.15-12.92,11.57-17.59,18.85l52.08,94.3L28.8,54.78h0ZM64.53,184.21l-48.96-27.05c11.79,14.61,29.15,24.71,48.96,27.05ZM8.02,145.59l56.98,32.99L.89,125.04c1.32,7.29,3.78,14.14,7.12,20.56h0ZM4.55,86.54c-2.45,6.5-4.13,13.58-4.55,20.87l64.1,66.82L4.55,86.54ZM73.33,43.88c1.56,0,3.11.12,4.55.24,8.33.67,15.26,2.93,18.92,6.06,1.79,1.58,2.88,3.37,2.88,5.15,0,6.42-11.79,11.45-26.39,11.57-14.67-.12-26.39-5.15-26.39-11.57s11.68-11.45,26.39-11.45h.04ZM73.33,69.71h30.4c1.01-4.48,3.54-15.84,4.24-20.99-2.88-2.14-6.77-3.92-11.01-5.15-6.34-2.02-13.35-3.13-18.92-3.6-1.67-.12-3.35-.24-4.67-.24-8.56,0-25.81,2.46-34.72,8.99.66,5.15,3.23,16.52,4.24,20.99h30.48-.04ZM73.33,101.47c-5.68-.12-10.12-4.83-10.12-10.54,0-1.7.35-3.25,1.01-4.59h18.14c.66,1.35,1.01,2.93,1.01,4.59,0,5.74-4.44,10.46-10,10.54h-.04ZM93.68,89.79c-.66-.79-.9-1.23-.9-2.02,0-.67.66-1.47,1.56-1.47h5.8c.89-4.4,2.34-9.55,2.69-12.12h-59.08c.35,2.57,1.79,7.76,2.69,12.12h5.92c.89,0,1.44.79,1.44,1.47,0,.79-.23,1.23-.9,2.02-.66.79-3.23,3.25-3.23,8.52s17.71,82.5,18.57,86.66c.78,3.92,3.66,3.92,5.14,4.04,1.44-.12,4.24-.12,5.02-4.04.89-4.16,18.57-81.27,18.57-86.66s-2.57-7.76-3.23-8.52h-.04Z\"><\/path><\/g><\/svg>\t\t\t\t\t\t<\/span>\n\t\t\t\t\t\t\t\t\t\t<span class=\"elementor-icon-list-text\">Anti-Corruption and Bribery Policy<\/span>\n\t\t\t\t\t\t\t\t\t\t\t<\/a>\n\t\t\t\t\t\t\t\t\t<\/li>\n\t\t\t\t\t\t\t\t<li class=\"elementor-icon-list-item elementor-inline-item\">\n\t\t\t\t\t\t\t\t\t\t\t<a href=\"#DPO\">\n\n\t\t\t\t\t\t\t\t\t\t\t\t<span class=\"elementor-icon-list-icon\">\n\t\t\t\t\t\t\t<svg xmlns=\"http:\/\/www.w3.org\/2000\/svg\" id=\"Camada_2\" data-name=\"Camada 2\" viewbox=\"0 0 146.66 189\"><g id=\"icone-regnier\"><path d=\"M107.93,45.23c-.35-5.94-2.69-28.87-3.11-33.78C94.7,1.9,81.89,0,73.33,0c-2.34,0-4.9.12-7.55.55,0,12.24-.35,24.36-.66,36.48,2.69-.24,5.33-.36,8.25-.36,10.59.24,19.27.44,34.6,8.52l-.04.04ZM46.75,7.53c-1.79,1.11-3.35,2.46-5.02,3.92-.43,4.95-2.69,27.84-3.11,33.9,1.91-1.11,3.78-2.02,5.45-2.81.78-10.46,2.1-27.61,2.69-35.01h0ZM135.33,73.63c-4.67-7.29-10.59-13.7-17.59-18.85l-34.48,113.15,52.08-94.3h0ZM130.97,157.16l-48.85,27.05c19.7-2.38,37.05-12.48,48.85-27.05ZM138.64,145.59c3.23-6.42,5.68-13.23,7.01-20.56l-63.99,53.55,56.98-32.99ZM146.66,107.41c-.54-7.29-2.1-14.38-4.67-20.87l-59.55,87.69,64.22-66.82ZM28.8,54.78c-6.89,5.15-12.92,11.57-17.59,18.85l52.08,94.3L28.8,54.78h0ZM64.53,184.21l-48.96-27.05c11.79,14.61,29.15,24.71,48.96,27.05ZM8.02,145.59l56.98,32.99L.89,125.04c1.32,7.29,3.78,14.14,7.12,20.56h0ZM4.55,86.54c-2.45,6.5-4.13,13.58-4.55,20.87l64.1,66.82L4.55,86.54ZM73.33,43.88c1.56,0,3.11.12,4.55.24,8.33.67,15.26,2.93,18.92,6.06,1.79,1.58,2.88,3.37,2.88,5.15,0,6.42-11.79,11.45-26.39,11.57-14.67-.12-26.39-5.15-26.39-11.57s11.68-11.45,26.39-11.45h.04ZM73.33,69.71h30.4c1.01-4.48,3.54-15.84,4.24-20.99-2.88-2.14-6.77-3.92-11.01-5.15-6.34-2.02-13.35-3.13-18.92-3.6-1.67-.12-3.35-.24-4.67-.24-8.56,0-25.81,2.46-34.72,8.99.66,5.15,3.23,16.52,4.24,20.99h30.48-.04ZM73.33,101.47c-5.68-.12-10.12-4.83-10.12-10.54,0-1.7.35-3.25,1.01-4.59h18.14c.66,1.35,1.01,2.93,1.01,4.59,0,5.74-4.44,10.46-10,10.54h-.04ZM93.68,89.79c-.66-.79-.9-1.23-.9-2.02,0-.67.66-1.47,1.56-1.47h5.8c.89-4.4,2.34-9.55,2.69-12.12h-59.08c.35,2.57,1.79,7.76,2.69,12.12h5.92c.89,0,1.44.79,1.44,1.47,0,.79-.23,1.23-.9,2.02-.66.79-3.23,3.25-3.23,8.52s17.71,82.5,18.57,86.66c.78,3.92,3.66,3.92,5.14,4.04,1.44-.12,4.24-.12,5.02-4.04.89-4.16,18.57-81.27,18.57-86.66s-2.57-7.76-3.23-8.52h-.04Z\"><\/path><\/g><\/svg>\t\t\t\t\t\t<\/span>\n\t\t\t\t\t\t\t\t\t\t<span class=\"elementor-icon-list-text\">DPO Appointment Letter<\/span>\n\t\t\t\t\t\t\t\t\t\t\t<\/a>\n\t\t\t\t\t\t\t\t\t<\/li>\n\t\t\t\t\t\t<\/ul>\n\t\t\t\t\t\t<\/div>\n\t\t\t\t<\/div>\n\t\t\t\t\t<\/div>\n\t\t\t\t<\/div>\n\t\t\r\n\t\t<div class=\"default no-position show_shadow rs-sticky-default elementor-element elementor-element-0e03842 e-flex e-con-boxed e-con e-parent\" data-id=\"0e03842\" data-element_type=\"container\" data-e-type=\"container\" id=\"CUE\">\n\t\t\t\t\t<div class=\"e-con-inner\">\n\t\t\r\n\t\t<div class=\"default no-position show_shadow rs-sticky-default elementor-element elementor-element-dec9f02 e-con-full e-flex e-con e-child\" data-id=\"dec9f02\" data-element_type=\"container\" data-e-type=\"container\" id=\"PAS\">\n\t\t\r\n\t\t\t\t<div class=\"elementor-element elementor-element-0f1d33e elementor-widget elementor-widget-heading\" data-id=\"0f1d33e\" data-element_type=\"widget\" data-e-type=\"widget\" data-widget_type=\"heading.default\">\n\t\t\t\t<div class=\"elementor-widget-container\">\n\t\t\t\t\t<h4 class=\"elementor-heading-title elementor-size-default\">Anti-Corruption and Bribery Policy<\/h4>\t\t\t\t<\/div>\n\t\t\t\t<\/div>\n\t\t\r\n\t\t<div class=\"default no-position show_shadow rs-sticky-default elementor-element elementor-element-e20cf38 e-con-full e-flex e-con e-child\" data-id=\"e20cf38\" data-element_type=\"container\" data-e-type=\"container\">\n\t\t\r\n\t\t\t\t<div class=\"elementor-element elementor-element-0c4af58 elementor-widget elementor-widget-text-editor\" data-id=\"0c4af58\" data-element_type=\"widget\" data-e-type=\"widget\" data-widget_type=\"text-editor.default\">\n\t\t\t\t<div class=\"elementor-widget-container\">\n\t\t\t\t\t\t\t\t\t<h5>Introduction:<\/h5><p>THE <span style=\"color: #008000;\"><strong>REGNIER INDUSTRIES<\/strong><\/span> and its employees are committed to conducting business legally, ethically, transparently, and professionally. Therefore, this is the conduct the company must adopt when conducting business and in compliance with anti-corruption laws.<\/p><p>THE <strong><span style=\"color: #008000;\">REGNIER INDUSTRIES<\/span><\/strong> rejects any form of direct or indirect corruption, always seeking transparency in matters affecting its business and establishing corporate governance mechanisms to avoid unnecessary risks to the organization. It repudiates any practices by its directors, employees, or interns that are linked to actions that favor individuals and characterize situations of corruption or bribery, so everyone must ensure that such situations are not practiced under any circumstances.<\/p>\t\t\t\t\t\t\t\t<\/div>\n\t\t\t\t<\/div>\n\t\t\r\n\t\t<div class=\"default no-position show_shadow rs-sticky-default elementor-element elementor-element-b4827dc e-con-full e-flex e-con e-child\" data-id=\"b4827dc\" data-element_type=\"container\" data-e-type=\"container\">\n\t\t\r\n\t\t\t\t<div class=\"elementor-element elementor-element-3b204cf elementor-widget elementor-widget-shortcode\" data-id=\"3b204cf\" data-element_type=\"widget\" data-e-type=\"widget\" data-widget_type=\"shortcode.default\">\n\t\t\t\t<div class=\"elementor-widget-container\">\n\t\t\t\t\t\t\t<div class=\"elementor-shortcode\">\n<div class=\"wp-block-columns is-layout-flex wp-container-core-columns-is-layout-9d6595d7 wp-block-columns-is-layout-flex\">\n<div class=\"wp-block-column is-layout-flow wp-block-column-is-layout-flow\">\n<div data-wp-interactive=\"core\/file\" class=\"wp-block-file\"><object data-wp-bind--hidden=\"!state.hasPdfPreview\" hidden class=\"wp-block-file__embed\" data=\"https:\/\/regniergroup.com.br\/wp-content\/uploads\/2025\/02\/2021-REGNIER-HYDRAULIC-Politica-de-Anticorrupcao-e-Suborno-V2-PT.pdf\" type=\"application\/pdf\" style=\"width:100%;height:600px\" aria-label=\"Embed of 2021-REGNIER-HYDRAULIC-Politica-de-Anticorrupcao-e-Suborno-V2-PT.\"><\/object><a id=\"wp-block-file--media-2f5b97e2-9a68-4dc7-9d6b-d0cd9c6f5edb\" href=\"https:\/\/regniergroup.com.br\/wp-content\/uploads\/2025\/02\/2021-REGNIER-HYDRAULIC-Politica-de-Anticorrupcao-e-Suborno-V2-PT.pdf\">2021-REGNIER-HYDRAULIC-Anti-Corruption-and-Bribery-Policy-V2-PT<\/a><a href=\"https:\/\/regniergroup.com.br\/wp-content\/uploads\/2025\/02\/2021-REGNIER-HYDRAULIC-Politica-de-Anticorrupcao-e-Suborno-V2-PT.pdf\" class=\"wp-block-file__button wp-element-button\" download aria-describedby=\"wp-block-file--media-2f5b97e2-9a68-4dc7-9d6b-d0cd9c6f5edb\">Download<\/a><\/div>\n<\/div>\n\n\n\n<div class=\"wp-block-column is-layout-flow wp-block-column-is-layout-flow\">\n<div data-wp-interactive=\"core\/file\" class=\"wp-block-file\"><object data-wp-bind--hidden=\"!state.hasPdfPreview\" hidden class=\"wp-block-file__embed\" data=\"https:\/\/regniergroup.com.br\/wp-content\/uploads\/2025\/02\/2021-REGNIER-HYDRAULIC-Anti-Corruption-Bribery-Policy-V2-EN.pdf\" type=\"application\/pdf\" style=\"width:100%;height:600px\" aria-label=\"Embed of 2021-REGNIER-HYDRAULIC-Anti-Corruption-Bribery-Policy-V2-EN.\"><\/object><a id=\"wp-block-file--media-cf00d7ab-39a7-44ad-9662-03d1a78d54ae\" href=\"https:\/\/regniergroup.com.br\/wp-content\/uploads\/2025\/02\/2021-REGNIER-HYDRAULIC-Anti-Corruption-Bribery-Policy-V2-EN.pdf\">2021-REGNIER-HYDRAULIC-Anti-Corruption-Bribery-Policy-V2-EN<\/a><a href=\"https:\/\/regniergroup.com.br\/wp-content\/uploads\/2025\/02\/2021-REGNIER-HYDRAULIC-Anti-Corruption-Bribery-Policy-V2-EN.pdf\" class=\"wp-block-file__button wp-element-button\" download aria-describedby=\"wp-block-file--media-cf00d7ab-39a7-44ad-9662-03d1a78d54ae\">Download<\/a><\/div>\n<\/div>\n<\/div>\n <\/div>\n\t\t\t\t\t\t<\/div>\n\t\t\t\t<\/div>\n\t\t\t\t<\/div>\n\t\t\t\t<\/div>\n\t\t\t\t<\/div>\n\t\t\r\n\t\t<div class=\"default no-position show_shadow rs-sticky-default elementor-element elementor-element-d91b5b4 e-con-full e-flex e-con e-child\" data-id=\"d91b5b4\" data-element_type=\"container\" data-e-type=\"container\" id=\"DPO\">\n\t\t\r\n\t\t\t\t<div class=\"elementor-element elementor-element-0cd186b elementor-widget elementor-widget-heading\" data-id=\"0cd186b\" data-element_type=\"widget\" data-e-type=\"widget\" data-widget_type=\"heading.default\">\n\t\t\t\t<div class=\"elementor-widget-container\">\n\t\t\t\t\t<h4 class=\"elementor-heading-title elementor-size-default\">DPO Appointment Letter<\/h4>\t\t\t\t<\/div>\n\t\t\t\t<\/div>\n\t\t\r\n\t\t<div class=\"default no-position show_shadow rs-sticky-default elementor-element elementor-element-fceb16e e-con-full e-flex e-con e-child\" data-id=\"fceb16e\" data-element_type=\"container\" data-e-type=\"container\">\n\t\t\r\n\t\t\t\t<div class=\"elementor-element elementor-element-4b4e22a elementor-widget elementor-widget-shortcode\" data-id=\"4b4e22a\" data-element_type=\"widget\" data-e-type=\"widget\" data-widget_type=\"shortcode.default\">\n\t\t\t\t<div class=\"elementor-widget-container\">\n\t\t\t\t\t\t\t<div class=\"elementor-shortcode\">\n<div data-wp-interactive=\"core\/file\" class=\"wp-block-file\"><object data-wp-bind--hidden=\"!state.hasPdfPreview\" hidden class=\"wp-block-file__embed\" data=\"https:\/\/regniergroup.com.br\/wp-content\/uploads\/2025\/02\/Carta-de-Nomeacao-DPO.pdf\" type=\"application\/pdf\" style=\"width:100%;height:600px\" aria-label=\"Embed of Carta-de-Nomeacao-DPO.\"><\/object><a id=\"wp-block-file--media-c4e8d0b3-9c38-4d91-8a08-fe01619b3e7f\" href=\"https:\/\/regniergroup.com.br\/wp-content\/uploads\/2025\/02\/Carta-de-Nomeacao-DPO.pdf\">Letter of Appointment - DPO<\/a><\/div>\n<\/div>\n\t\t\t\t\t\t<\/div>\n\t\t\t\t<\/div>\n\t\t\t\t<\/div>\n\t\t\t\t<\/div>\n\t\t\t\t\t<\/div>\n\t\t\t\t<\/div>\n\t\t\t\t<\/div>","protected":false},"excerpt":{"rendered":"<p>Pol\u00edtica de Anticorrup\u00e7\u00e3o e Suborno Carta de Nomea\u00e7\u00e3o de DPO Pol\u00edtica de Anticorrup\u00e7\u00e3o e Suborno Introdu\u00e7\u00e3o: A REGNIER INDUSTRIES e seus colaboradores est\u00e3o comprometidos a conduzir os neg\u00f3cios de maneira legal, \u00e9tica, transparente e profissional. Portanto, essa \u00e9 a conduta que a empresa deve adotar durante a condu\u00e7\u00e3o dos neg\u00f3cios e perante as leis anticorrup\u00e7\u00e3o&#8230;.<\/p>","protected":false},"author":1,"featured_media":0,"parent":0,"menu_order":0,"comment_status":"closed","ping_status":"closed","template":"elementor_header_footer","meta":{"nf_dc_page":"","rs_blank_template":"","rs_page_bg_color":"","slide_template_v7":"","footnotes":""},"class_list":["post-30667","page","type-page","status-publish","hentry"],"_links":{"self":[{"href":"https:\/\/regniergroup.com.br\/en\/wp-json\/wp\/v2\/pages\/30667","targetHints":{"allow":["GET"]}}],"collection":[{"href":"https:\/\/regniergroup.com.br\/en\/wp-json\/wp\/v2\/pages"}],"about":[{"href":"https:\/\/regniergroup.com.br\/en\/wp-json\/wp\/v2\/types\/page"}],"author":[{"embeddable":true,"href":"https:\/\/regniergroup.com.br\/en\/wp-json\/wp\/v2\/users\/1"}],"replies":[{"embeddable":true,"href":"https:\/\/regniergroup.com.br\/en\/wp-json\/wp\/v2\/comments?post=30667"}],"version-history":[{"count":5,"href":"https:\/\/regniergroup.com.br\/en\/wp-json\/wp\/v2\/pages\/30667\/revisions"}],"predecessor-version":[{"id":30939,"href":"https:\/\/regniergroup.com.br\/en\/wp-json\/wp\/v2\/pages\/30667\/revisions\/30939"}],"wp:attachment":[{"href":"https:\/\/regniergroup.com.br\/en\/wp-json\/wp\/v2\/media?parent=30667"}],"curies":[{"name":"wp","href":"https:\/\/api.w.org\/{rel}","templated":true}]}}